{"id":25,"date":"2020-12-08T03:54:06","date_gmt":"2020-12-08T03:54:06","guid":{"rendered":"https:\/\/gaviaspreview.com\/wp\/zilom\/?page_id=25"},"modified":"2025-03-14T12:06:09","modified_gmt":"2025-03-14T11:06:09","slug":"notre-blog","status":"publish","type":"page","link":"https:\/\/sameleading.com\/formation\/notre-blog\/","title":{"rendered":"Notre Blog"},"content":{"rendered":"\t\t<div data-elementor-type=\"wp-page\" data-elementor-id=\"25\" class=\"elementor elementor-25\">\n\t\t\t\t\t\t<section class=\"elementor-section elementor-top-section elementor-element elementor-element-1fbe8dbc elementor-section-boxed elementor-section-height-default elementor-section-height-default row-top\" data-id=\"1fbe8dbc\" data-element_type=\"section\">\n\t\t\t\t\t\t<div class=\"elementor-container elementor-column-gap-default\">\n\t\t\t\t\t<div class=\"elementor-column elementor-col-100 elementor-top-column elementor-element elementor-element-505d4390 column-style-top\" data-id=\"505d4390\" data-element_type=\"column\">\n\t\t\t<div class=\"elementor-widget-wrap elementor-element-populated\">\n\t\t\t\t\t\t<div class=\"elementor-element elementor-element-962a554 elementor-widget__width-initial elementor-widget elementor-widget-gva-posts\" data-id=\"962a554\" data-element_type=\"widget\" data-widget_type=\"gva-posts.default\">\n\t\t\t\t<div class=\"elementor-widget-container\">\n\t\t\t\t\t<div class=\"gva-element-gva-posts gva-element\">  \r\n  <div class=\"gva-posts-grid clearfix gva-posts\">\r\n\t\t<div class=\"gva-content-items\"> \r\n\t\t  <div class=\"lg-block-grid-3 md-block-grid-3 sm-block-grid-2 xs-block-grid-2 xx-block-grid-1\">\r\n\t\t\t \r\n<div class=\"all non-classe \">\r\n   <article id=\"post-4615\" class=\"post post-style-1 post-4615 type-post status-publish format-standard has-post-thumbnail hentry category-non-classe\">\r\n      <div class=\"post-thumbnail\">\r\n         <a href=\"https:\/\/sameleading.com\/formation\/dedicace-et-sortie-officielle-des-5-guides-essentiels-pour-la-gestion-et-des-rh\/\">\r\n            <img fetchpriority=\"high\" decoding=\"async\" width=\"580\" height=\"385\" src=\"https:\/\/sameleading.com\/formation\/wp-content\/uploads\/2025\/03\/utcds-7-580x385.jpg\" class=\"attachment-post-thumbnail size-post-thumbnail wp-post-image\" alt=\"D\u00e9dicace et sortie officielle des 5 guides essentiels pour la gestion et des rh !\" \/>         <\/a>\r\n         <div class=\"entry-meta\">\r\n            <div class=\"clearfix meta-inline post-meta-1\"><span class=\"entry-date\"><i class=\"far fa-clock\"><\/i>28 octobre 2024<\/span><\/div>         <\/div> \r\n      <\/div>   \r\n\r\n      <div class=\"entry-content\">\r\n         <div class=\"content-inner\">\r\n            <h3 class=\"entry-title\"><a href=\"https:\/\/sameleading.com\/formation\/dedicace-et-sortie-officielle-des-5-guides-essentiels-pour-la-gestion-et-des-rh\/\" rel=\"bookmark\">D\u00e9dicace et sortie officielle des 5 guides essentiels pour la gestion et des rh !<\/a><\/h3>\r\n                           <div class=\"entry-desc\">\r\n                  \ud835\udc14\ud835\udc0d \ud835\udc06\ud835\udc11\ud835\udc00\ud835\udc0d\ud835\udc03 \ud835\udc0c\ud835\udc04\ud835\udc11\ud835\udc02\ud835\udc08 \ud835\udc0f\ud835\udc0e\ud835\udc14\ud835\udc11 \ud835\udc0b\ud835\udc00 \ud835\udc11\ud835\udc04\ud835\udc14\ud835\udc12\ud835\udc12\ud835\udc08\ud835\udc13\ud835\udc04 \ud835\udc03\ud835\udc04 \ud835\udc0b\ud835\udc00 \ud835\udc03\ud835\udc04\ud835\udc03\ud835\udc08\ud835\udc02\ud835\udc00\ud835\udc02\ud835\udc04 \ud835\udc0e\ud835\udc05\ud835\udc05\ud835\udc08\ud835\udc02\ud835\udc08\ud835\udc04\ud835\udc0b\ud835\udc0b\ud835\udc04 \ud835\udc03\ud835\udc04 \ud835\udc0c\ud835\udc04\ud835\udc12 \ud835\udc0e\ud835\udc14\ud835\udc15\ud835\udc11\ud835\udc00\ud835\udc06\ud835\udc04\ud835\udc12 ! Le               <\/div>   \r\n                        <div class=\"read-more\">\r\n               <a class=\"btn-inline\" href=\"https:\/\/sameleading.com\/formation\/dedicace-et-sortie-officielle-des-5-guides-essentiels-pour-la-gestion-et-des-rh\/\">Lire la suite<\/a>\r\n            <\/div>\r\n         <\/div>\r\n\r\n      <\/div>\r\n   <\/article>   \r\n<\/div>\r\n\r\n  \r\n<div class=\"all non-classe \">\r\n   <article id=\"post-4422\" class=\"post post-style-1 post-4422 type-post status-publish format-standard has-post-thumbnail hentry category-non-classe\">\r\n      <div class=\"post-thumbnail\">\r\n         <a href=\"https:\/\/sameleading.com\/formation\/90-des-employeurs-doivent-etre-poursuivis-en-justice\/\">\r\n            <img decoding=\"async\" width=\"580\" height=\"385\" src=\"https:\/\/sameleading.com\/formation\/wp-content\/uploads\/2025\/03\/utcds-9-580x385.jpg\" class=\"attachment-post-thumbnail size-post-thumbnail wp-post-image\" alt=\"90% des employeurs doivent \u00eatre poursuivis en justice.\" \/>         <\/a>\r\n         <div class=\"entry-meta\">\r\n            <div class=\"clearfix meta-inline post-meta-1\"><span class=\"entry-date\"><i class=\"far fa-clock\"><\/i>5 juillet 2024<\/span><\/div>         <\/div> \r\n      <\/div>   \r\n\r\n      <div class=\"entry-content\">\r\n         <div class=\"content-inner\">\r\n            <h3 class=\"entry-title\"><a href=\"https:\/\/sameleading.com\/formation\/90-des-employeurs-doivent-etre-poursuivis-en-justice\/\" rel=\"bookmark\">90% des employeurs doivent \u00eatre poursuivis en justice.<\/a><\/h3>\r\n                           <div class=\"entry-desc\">\r\n                  \ud835\udff5\ud835\udfec% \ud835\uddd7\ud835\uddd8\ud835\udde6 \ud835\uddd8\ud835\udde0\ud835\udde3\ud835\udddf\ud835\udde2\ud835\uddec\ud835\uddd8\ud835\udde8\ud835\udde5\ud835\udde6 \ud835\uddd7\ud835\udde2\ud835\udddc\ud835\udde9\ud835\uddd8\ud835\udde1\ud835\udde7 \ud835\uddd8\ud835\udde7\ud835\udde5\ud835\uddd8 \ud835\udde3\ud835\udde2\ud835\udde8\ud835\udde5\ud835\udde6\ud835\udde8\ud835\udddc\ud835\udde9\ud835\udddc\ud835\udde6 \ud835\uddd8\ud835\udde1 \ud835\udddd\ud835\udde8\ud835\udde6\ud835\udde7\ud835\udddc\ud835\uddd6\ud835\uddd8 Un employ\u00e9 peut \u00eatre pay\u00e9 \u00e0 l\u2019heure,               <\/div>   \r\n                        <div class=\"read-more\">\r\n               <a class=\"btn-inline\" href=\"https:\/\/sameleading.com\/formation\/90-des-employeurs-doivent-etre-poursuivis-en-justice\/\">Lire la suite<\/a>\r\n            <\/div>\r\n         <\/div>\r\n\r\n      <\/div>\r\n   <\/article>   \r\n<\/div>\r\n\r\n  \r\n<div class=\"all non-classe \">\r\n   <article id=\"post-4055\" class=\"post post-style-1 post-4055 type-post status-publish format-standard has-post-thumbnail hentry category-non-classe\">\r\n      <div class=\"post-thumbnail\">\r\n         <a href=\"https:\/\/sameleading.com\/formation\/comment-cloturer-un-exercice-comptable-avec-le-logiciel-sage-comptabilite-100c\/\">\r\n            <img decoding=\"async\" width=\"580\" height=\"385\" src=\"https:\/\/sameleading.com\/formation\/wp-content\/uploads\/2025\/03\/utcds-1-580x385.jpg\" class=\"attachment-post-thumbnail size-post-thumbnail wp-post-image\" alt=\"Comment cl\u00f4turer un exercice comptable avec le logiciel Sage Comptabilit\u00e9 100C ?\" \/>         <\/a>\r\n         <div class=\"entry-meta\">\r\n            <div class=\"clearfix meta-inline post-meta-1\"><span class=\"entry-date\"><i class=\"far fa-clock\"><\/i>7 janvier 2024<\/span><span class=\"post-comment\"><i class=\"far fa-comments\"><\/i>0 Commentaire<\/span><\/div>         <\/div> \r\n      <\/div>   \r\n\r\n      <div class=\"entry-content\">\r\n         <div class=\"content-inner\">\r\n            <h3 class=\"entry-title\"><a href=\"https:\/\/sameleading.com\/formation\/comment-cloturer-un-exercice-comptable-avec-le-logiciel-sage-comptabilite-100c\/\" rel=\"bookmark\">Comment cl\u00f4turer un exercice comptable avec le logiciel Sage Comptabilit\u00e9 100C ?<\/a><\/h3>\r\n                           <div class=\"entry-desc\">\r\n                  &nbsp; Comment cl\u00f4turer un exercice comptable avec le logiciel Sage Comptabilit\u00e9 100C ? Introduction Dans               <\/div>   \r\n                        <div class=\"read-more\">\r\n               <a class=\"btn-inline\" href=\"https:\/\/sameleading.com\/formation\/comment-cloturer-un-exercice-comptable-avec-le-logiciel-sage-comptabilite-100c\/\">Lire la suite<\/a>\r\n            <\/div>\r\n         <\/div>\r\n\r\n      <\/div>\r\n   <\/article>   \r\n<\/div>\r\n\r\n  \r\n<div class=\"all non-classe \">\r\n   <article id=\"post-4030\" class=\"post post-style-1 post-4030 type-post status-publish format-standard has-post-thumbnail hentry category-non-classe\">\r\n      <div class=\"post-thumbnail\">\r\n         <a href=\"https:\/\/sameleading.com\/formation\/inventaires\/\">\r\n            <img loading=\"lazy\" decoding=\"async\" width=\"580\" height=\"385\" src=\"https:\/\/sameleading.com\/formation\/wp-content\/uploads\/2025\/03\/utcds-1-580x385.jpg\" class=\"attachment-post-thumbnail size-post-thumbnail wp-post-image\" alt=\"PROCEDURES D&rsquo;INVENTAIRES DES STOCKS DANS UNE ENTREPRISE\" \/>         <\/a>\r\n         <div class=\"entry-meta\">\r\n            <div class=\"clearfix meta-inline post-meta-1\"><span class=\"entry-date\"><i class=\"far fa-clock\"><\/i>4 janvier 2024<\/span><span class=\"post-comment\"><i class=\"far fa-comments\"><\/i>1 commentaire<\/span><\/div>         <\/div> \r\n      <\/div>   \r\n\r\n      <div class=\"entry-content\">\r\n         <div class=\"content-inner\">\r\n            <h3 class=\"entry-title\"><a href=\"https:\/\/sameleading.com\/formation\/inventaires\/\" rel=\"bookmark\">PROCEDURES D&rsquo;INVENTAIRES DES STOCKS DANS UNE ENTREPRISE<\/a><\/h3>\r\n                           <div class=\"entry-desc\">\r\n                  \ud835\udc0f\ud835\udc11\ud835\udc0e\ud835\udc02\ud835\udc04\ud835\udc03\ud835\udc14\ud835\udc11\ud835\udc04\ud835\udc12 \ud835\udc03\u2019\ud835\udc08\ud835\udc0d\ud835\udc15\ud835\udc04\ud835\udc0d\ud835\udc13\ud835\udc00\ud835\udc08\ud835\udc11\ud835\udc04 \ud835\udc03\ud835\udc04\ud835\udc12 \ud835\udc12\ud835\udc13\ud835\udc0e\ud835\udc02\ud835\udc0a\ud835\udc12 \ud835\udc0b\u2019\ud835\udc22\ud835\udc27\ud835\udc2f\ud835\udc1e\ud835\udc27\ud835\udc2d\ud835\udc1a\ud835\udc22\ud835\udc2b\ud835\udc1e \ud835\udc29\ud835\udc21\ud835\udc32\ud835\udc2c\ud835\udc22\ud835\udc2a\ud835\udc2e\ud835\udc1e correspond \u00e0 un comptage manuel de chaque type de               <\/div>   \r\n                        <div class=\"read-more\">\r\n               <a class=\"btn-inline\" href=\"https:\/\/sameleading.com\/formation\/inventaires\/\">Lire la suite<\/a>\r\n            <\/div>\r\n         <\/div>\r\n\r\n      <\/div>\r\n   <\/article>   \r\n<\/div>\r\n\r\n  \t\t  <\/div>\r\n\t\t<\/div>\r\n\t\t\t\t\t <div class=\"pagination\">\r\n\t\t\t\t  \t\t\t <\/div>\r\n\t\t  <\/div>\r\n  <\/div>\t\t\t\t<\/div>\n\t\t\t\t<\/div>\n\t\t\t\t\t<\/div>\n\t\t<\/div>\n\t\t\t\t\t<\/div>\n\t\t<\/section>\n\t\t\t\t<\/div>\n\t\t","protected":false},"excerpt":{"rendered":"<p>28 octobre 2024 \ud835\udc03\ud835\udc04\ud835\udc03\ud835\udc08\ud835\udc02\ud835\udc00\ud835\udc02\ud835\udc04 \ud835\udc04\ud835\udc13 \ud835\udc12\ud835\udc0e\ud835\udc11\ud835\udc13\ud835\udc08\ud835\udc04 \ud835\udc0e\ud835\udc05\ud835\udc05\ud835\udc08\ud835\udc02\ud835\udc08\ud835\udc04\ud835\udc0b\ud835\udc0b\ud835\udc04 \ud835\udc03\ud835\udc04\ud835\udc12 \ud835\udfd3 \ud835\udc06\ud835\udc14\ud835\udc08\ud835\udc03\ud835\udc04\ud835\udc12 \ud835\udc04\ud835\udc12\ud835\udc12\ud835\udc04\ud835\udc0d\ud835\udc12\ud835\udc08\ud835\udc04\ud835\udc0b\ud835\udc12 \ud835\udc0f\ud835\udc0e\ud835\udc14\ud835\udc11 \ud835\udc0b\ud835\udc00 \ud835\udc06\ud835\udc04\ud835\udc12\ud835\udc13\ud835\udc08\ud835\udc0e\ud835\udc0d \ud835\udc04\ud835\udc13 \ud835\udc03\ud835\udc04\ud835\udc12 \ud835\udc11\ud835\udc07 ! \ud835\udc14\ud835\udc0d \ud835\udc06\ud835\udc11\ud835\udc00\ud835\udc0d\ud835\udc03 \ud835\udc0c\ud835\udc04\ud835\udc11\ud835\udc02\ud835\udc08 \ud835\udc0f\ud835\udc0e\ud835\udc14\ud835\udc11 \ud835\udc0b\ud835\udc00 \ud835\udc11\ud835\udc04\ud835\udc14\ud835\udc12\ud835\udc12\ud835\udc08\ud835\udc13\ud835\udc04 \ud835\udc03\ud835\udc04 \ud835\udc0b\ud835\udc00 \ud835\udc03\ud835\udc04\ud835\udc03\ud835\udc08\ud835\udc02\ud835\udc00\ud835\udc02\ud835\udc04 \ud835\udc0e\ud835\udc05\ud835\udc05\ud835\udc08\ud835\udc02\ud835\udc08\ud835\udc04\ud835\udc0b\ud835\udc0b\ud835\udc04 \ud835\udc03\ud835\udc04 \ud835\udc0c\ud835\udc04\ud835\udc12 [&hellip;]<\/p>\n","protected":false},"author":1,"featured_media":0,"parent":0,"menu_order":0,"comment_status":"closed","ping_status":"closed","template":"elementor_theme","meta":{"footnotes":""},"class_list":["post-25","page","type-page","status-publish","hentry"],"_links":{"self":[{"href":"https:\/\/sameleading.com\/formation\/wp-json\/wp\/v2\/pages\/25","targetHints":{"allow":["GET"]}}],"collection":[{"href":"https:\/\/sameleading.com\/formation\/wp-json\/wp\/v2\/pages"}],"about":[{"href":"https:\/\/sameleading.com\/formation\/wp-json\/wp\/v2\/types\/page"}],"author":[{"embeddable":true,"href":"https:\/\/sameleading.com\/formation\/wp-json\/wp\/v2\/users\/1"}],"replies":[{"embeddable":true,"href":"https:\/\/sameleading.com\/formation\/wp-json\/wp\/v2\/comments?post=25"}],"version-history":[{"count":4,"href":"https:\/\/sameleading.com\/formation\/wp-json\/wp\/v2\/pages\/25\/revisions"}],"predecessor-version":[{"id":5179,"href":"https:\/\/sameleading.com\/formation\/wp-json\/wp\/v2\/pages\/25\/revisions\/5179"}],"wp:attachment":[{"href":"https:\/\/sameleading.com\/formation\/wp-json\/wp\/v2\/media?parent=25"}],"curies":[{"name":"wp","href":"https:\/\/api.w.org\/{rel}","templated":true}]}}