{"id":4855,"date":"2025-03-13T12:49:29","date_gmt":"2025-03-13T11:49:29","guid":{"rendered":"https:\/\/sameleading.com\/formation\/inscription-formateur-formatrice\/"},"modified":"2025-03-13T12:49:29","modified_gmt":"2025-03-13T11:49:29","slug":"inscription-formateur-formatrice","status":"publish","type":"page","link":"https:\/\/sameleading.com\/formation\/inscription-formateur-formatrice\/","title":{"rendered":"Inscription formateur\/formatrice"},"content":{"rendered":"\n\n<div class=\"z-register-form\">\n\t\n\t<div class=\"row no-margin\">\n\t\t<div class=\"col-12 col-md-5 register-content-left\">\n\t\t\t<span class=\"img-register\">\n\t\t\t\t<img decoding=\"async\" src=\"https:\/\/sameleading.com\/formation\/wp-content\/themes\/zilom\/images\/register.png\" alt=\"register\" \/>\n\t\t\t<\/span>\n\t\t\t<div class=\"content-inner\">\n\t\t\t\t<div class=\"quick-login\">\n\t\t\t\t\t<span class=\"text\">Vous \u00eates d\u00e9j\u00e0 membre<\/span>\n\t\t\t\t\t<a class=\"btn-theme btn-small login-link\" href=\"#\" data-toggle=\"modal\" data-target=\"#form-ajax-login-popup\">\n\t\t\t\t\t\tConnexion\t\t\t\t\t<\/a>\n\t\t\t\t<\/div>\n\t\t\t<\/div>\n\t\t<\/div>\n\n\t\t<div class=\"register-form-content col-12 col-md-7\">\n\t\t\t\t\t\t\n\t\t\t<h2 class=\"form-title\">Cr\u00e9er un compte gratuit<\/h2>\n\t\t\t<div class=\"form-des\">Quelques clics suffisent pour cr\u00e9er votre compte.<\/div>\n\t\t\t<div class=\"form-links\">\n\t\t\t\t<a href=\"https:\/\/sameleading.com\/formation\/inscription-apprenant\/\">\u00c9tudiant<\/a>\n\t\t\t\t<a class=\"active\">Formateur<\/a>\n\t\t\t<\/div>\n\n\t\t\t<form method=\"post\" enctype=\"multipart\/form-data\">\n\n\t\t\t\t\t\t\t\t<input type=\"hidden\" id=\"_tutor_nonce\" name=\"_tutor_nonce\" value=\"a3c2a1497b\" \/><input type=\"hidden\" name=\"_wp_http_referer\" value=\"\/formation\/wp-json\/wp\/v2\/pages\/4855\" \/>\t\t\t\t<input type=\"hidden\" value=\"tutor_register_instructor\" name=\"tutor_action\"\/>\n\n\t\t\t \t\n\t\t\t \t<div class=\"tutor-form-row\">\n\t\t\t\t  \t<div class=\"tutor-form-col-6\">\n\t\t\t\t\t\t<div class=\"tutor-form-group\">\n\t\t\t\t\t\t\t<label>Pr\u00e9nom <\/label>\n\t\t\t\t\t\t\t<input type=\"text\" name=\"first_name\" value=\"\" placeholder=\"Pr\u00e9nom\" required autocomplete=\"given-name\">\n\t\t\t\t\t\t<\/div>\n\t\t\t\t  \t<\/div>\n\t\t\t\t  \t<div class=\"tutor-form-col-6\">\n\t\t\t\t\t\t<div class=\"tutor-form-group\">\n\t\t\t\t\t\t\t<label>Nom<\/label>\n\t\t\t\t\t\t\t<input type=\"text\" name=\"last_name\" value=\"\" placeholder=\"Nom\" required autocomplete=\"family-name\">\n\t\t\t\t\t\t<\/div>\n\t\t\t\t  \t<\/div>\n\t\t\t \t<\/div>\n\n\t\t\t \t<div class=\"tutor-form-row\">\n\t\t\t\t  \t<div class=\"tutor-form-col-6\">\n\t\t\t\t\t\t<div class=\"tutor-form-group\">\n\t\t\t\t\t\t\t<label>Nom d&#039;utilisateur<\/label>\n\t\t\t\t\t\t\t<input type=\"text\" name=\"user_login\" class=\"tutor_user_name\" value=\"\" placeholder=\"Nom d&#039;utilisateur\" required autocomplete=\"username\">\n\t\t\t\t\t\t<\/div>\n\t\t\t\t  \t<\/div>\n\n\t\t\t\t  \t<div class=\"tutor-form-col-6\">\n\t\t\t\t\t\t<div class=\"tutor-form-group\">\n\t\t\t\t\t\t\t<label>E-mail<\/label>\n\t\t\t\t\t\t\t<input type=\"text\" name=\"email\" value=\"\" placeholder=\"E-mail\" required autocomplete=\"email\">\n\t\t\t\t\t\t<\/div>\n\t\t\t\t  \t<\/div>\n\t\t\t \t<\/div>\n\n\t\t\t\t<div class=\"tutor-form-row\">\n\t\t\t\t\t<div class=\"tutor-form-col-6\">\n\t\t\t\t\t\t<div class=\"tutor-form-group\">\n\t\t\t\t\t\t\t<label>Mot de passe<\/label>\n\t\t\t\t\t\t\t<input type=\"password\" name=\"password\" value=\"\" placeholder=\"Mot de passe\" required autocomplete=\"new-password\">\n\t\t\t\t\t\t<\/div>\n\t\t\t\t\t<\/div>\n\n\t\t\t\t\t<div class=\"tutor-form-col-6\">\n\t\t\t\t\t\t<div class=\"tutor-form-group\">\n\t\t\t\t\t\t\t<label>Confirmation du mot de passe<\/label>\n\t\t\t\t\t\t\t<input type=\"password\" name=\"password_confirmation\" value=\"\" placeholder=\"Confirmation du mot de passe\" required autocomplete=\"new-password\">\n\t\t\t\t\t\t<\/div>\n\t\t\t\t\t<\/div>\n\t\t\t\t<\/div>\n\n\t\t\t \t<div class=\"tutor-form-row\">\n\t\t\t\t  \t<div class=\"tutor-form-col-12\">\n\t\t\t\t\t\t<div class=\"tutor-form-group\">\n\t\t\t\t\t\t\t\t\t\t\t\t\t<\/div>\n\t\t\t\t  \t<\/div>\n\t\t\t \t<\/div> \n\n \t\t\t\t\n\t\t\t \t<div class=\"tutor-form-row\">\n\t\t\t\t  \t<div class=\"tutor-form-col-12\">\n\t\t\t\t\t\t<div class=\"tutor-form-group tutor-reg-form-btn-wrap\">\n\t\t\t\t\t\t\t<button type=\"submit\" name=\"tutor_register_instructor_btn\" value=\"register\" class=\"tutor-button\">S&#039;inscrire en tant que formateur<\/button>\n\t\t\t\t\t\t<\/div>\n\t\t\t\t  \t<\/div>\n\t\t\t \t<\/div>\n\t\t\t<\/form>\n\t\t\t\n\t\t<\/div>\n\t<\/div>      \n<\/div>    ","protected":false},"excerpt":{"rendered":"<p>Vous \u00eates d\u00e9j\u00e0 membre Connexion Cr\u00e9er un compte gratuit Quelques clics suffisent pour cr\u00e9er votre compte. \u00c9tudiant Formateur Pr\u00e9nom Nom Nom d&#039;utilisateur E-mail Mot de passe Confirmation du mot de [&hellip;]<\/p>\n","protected":false},"author":1,"featured_media":0,"parent":0,"menu_order":0,"comment_status":"closed","ping_status":"closed","template":"","meta":{"footnotes":""},"class_list":["post-4855","page","type-page","status-publish","hentry"],"_links":{"self":[{"href":"https:\/\/sameleading.com\/formation\/wp-json\/wp\/v2\/pages\/4855","targetHints":{"allow":["GET"]}}],"collection":[{"href":"https:\/\/sameleading.com\/formation\/wp-json\/wp\/v2\/pages"}],"about":[{"href":"https:\/\/sameleading.com\/formation\/wp-json\/wp\/v2\/types\/page"}],"author":[{"embeddable":true,"href":"https:\/\/sameleading.com\/formation\/wp-json\/wp\/v2\/users\/1"}],"replies":[{"embeddable":true,"href":"https:\/\/sameleading.com\/formation\/wp-json\/wp\/v2\/comments?post=4855"}],"version-history":[{"count":0,"href":"https:\/\/sameleading.com\/formation\/wp-json\/wp\/v2\/pages\/4855\/revisions"}],"wp:attachment":[{"href":"https:\/\/sameleading.com\/formation\/wp-json\/wp\/v2\/media?parent=4855"}],"curies":[{"name":"wp","href":"https:\/\/api.w.org\/{rel}","templated":true}]}}