{"id":5079,"date":"2025-03-13T18:18:32","date_gmt":"2025-03-13T17:18:32","guid":{"rendered":"https:\/\/sameleading.com\/formation\/?page_id=5079"},"modified":"2025-03-14T15:51:45","modified_gmt":"2025-03-14T14:51:45","slug":"nos-services","status":"publish","type":"page","link":"https:\/\/sameleading.com\/formation\/nos-services\/","title":{"rendered":"Nos services"},"content":{"rendered":"\t\t<div data-elementor-type=\"wp-page\" data-elementor-id=\"5079\" class=\"elementor elementor-5079\">\n\t\t\t\t\t\t<section class=\"elementor-section elementor-top-section elementor-element elementor-element-c4c20a8 elementor-section-boxed elementor-section-height-default elementor-section-height-default row-top\" data-id=\"c4c20a8\" data-element_type=\"section\" data-settings=\"{&quot;background_background&quot;:&quot;classic&quot;}\">\n\t\t\t\t\t\t<div class=\"elementor-container elementor-column-gap-default\">\n\t\t\t\t\t<div class=\"elementor-column elementor-col-100 elementor-top-column elementor-element elementor-element-9e686df column-style-top\" data-id=\"9e686df\" data-element_type=\"column\">\n\t\t\t<div class=\"elementor-widget-wrap elementor-element-populated\">\n\t\t\t\t\t\t<div class=\"elementor-element elementor-element-c447b27 elementor-widget elementor-widget-gva-heading-block\" data-id=\"c447b27\" data-element_type=\"widget\" data-widget_type=\"gva-heading-block.default\">\n\t\t\t\t<div class=\"elementor-widget-container\">\n\t\t\t\t\t<div class=\"gva-element-gva-heading-block gva-element\">   <div class=\"align-center style-1 widget gsc-heading box-align-left auto-responsive\">\r\n      <div class=\"content-inner\">\r\n         \r\n                  \r\n                     <div class=\"sub-title\"><span>Nos services<\/span><\/div>\r\n           \r\n         \r\n                     <h2 class=\"title\">\r\n               <span>Explorer tous nos services<\/span>\r\n            <\/h2>\r\n                  \r\n         \r\n      <\/div>\r\n   <\/div>\r\n<\/div>\t\t\t\t<\/div>\n\t\t\t\t<\/div>\n\t\t\t\t\t<\/div>\n\t\t<\/div>\n\t\t\t\t\t<\/div>\n\t\t<\/section>\n\t\t\t\t<section class=\"elementor-section elementor-top-section elementor-element elementor-element-dd885a4 elementor-section-boxed elementor-section-height-default elementor-section-height-default row-top\" data-id=\"dd885a4\" data-element_type=\"section\">\n\t\t\t\t\t\t<div class=\"elementor-container elementor-column-gap-default\">\n\t\t\t\t\t<div class=\"elementor-column elementor-col-33 elementor-top-column elementor-element elementor-element-764e807 column-style-top\" data-id=\"764e807\" data-element_type=\"column\">\n\t\t\t<div class=\"elementor-widget-wrap elementor-element-populated\">\n\t\t\t\t\t\t<div class=\"elementor-element elementor-element-1a98e89 elementor-widget elementor-widget-gva-icon-box-styles\" data-id=\"1a98e89\" data-element_type=\"widget\" data-widget_type=\"gva-icon-box-styles.default\">\n\t\t\t\t<div class=\"elementor-widget-container\">\n\t\t\t\t\t<div class=\"gva-element-gva-icon-box-styles gva-element\">\r\n   \r\n\r\n         <div class=\"widget gsc-icon-box-styles style-2 \">\r\n         \r\n         <div class=\"content-inner\">\r\n                           <h3 class=\"title\">\r\n                  This is the heading               <\/h3>\r\n                                       <div class=\"desc\">There are many new variations of pasages of available text.<\/div>\r\n                     <\/div>\r\n\r\n                     <div class=\"icon-inner\">\r\n                                 <span class=\"box-icon\">\r\n                     <span class=\"box-icon-inner\">\r\n                        <i aria-hidden=\"true\" class=\"fas fa-home\"><\/i>                     <\/span>\r\n                  <\/span>\r\n                           <\/div>\r\n         \r\n                              <div class=\"bg-image\">\r\n               <img decoding=\"async\" src=\"https:\/\/sameleading.com\/formation\/wp-content\/plugins\/zilom-themer\/elementor\/assets\/images\/image-1.jpg\" alt=\"This is the heading\" \/>\r\n            <\/div>\r\n                  \r\n         \r\n      <\/div> \r\n      \r\n\r\n      \r\n\r\n    \r\n\r\n\r\n<\/div>\t\t\t\t<\/div>\n\t\t\t\t<\/div>\n\t\t\t\t<div class=\"elementor-element elementor-element-228f87b elementor-widget elementor-widget-gva-icon-box-styles\" data-id=\"228f87b\" data-element_type=\"widget\" data-widget_type=\"gva-icon-box-styles.default\">\n\t\t\t\t<div class=\"elementor-widget-container\">\n\t\t\t\t\t<div class=\"gva-element-gva-icon-box-styles gva-element\">\r\n   \r\n\r\n         <div class=\"widget gsc-icon-box-styles style-2 \">\r\n         \r\n         <div class=\"content-inner\">\r\n                           <h3 class=\"title\">\r\n                  This is the heading               <\/h3>\r\n                                       <div class=\"desc\">There are many new variations of pasages of available text.<\/div>\r\n                     <\/div>\r\n\r\n                     <div class=\"icon-inner\">\r\n                                 <span class=\"box-icon\">\r\n                     <span class=\"box-icon-inner\">\r\n                        <i aria-hidden=\"true\" class=\"fas fa-home\"><\/i>                     <\/span>\r\n                  <\/span>\r\n                           <\/div>\r\n         \r\n                              <div class=\"bg-image\">\r\n               <img decoding=\"async\" src=\"https:\/\/sameleading.com\/formation\/wp-content\/plugins\/zilom-themer\/elementor\/assets\/images\/image-1.jpg\" alt=\"This is the heading\" \/>\r\n            <\/div>\r\n                  \r\n         \r\n      <\/div> \r\n      \r\n\r\n      \r\n\r\n    \r\n\r\n\r\n<\/div>\t\t\t\t<\/div>\n\t\t\t\t<\/div>\n\t\t\t\t\t<\/div>\n\t\t<\/div>\n\t\t\t\t<div class=\"elementor-column elementor-col-33 elementor-top-column elementor-element elementor-element-4bac3dd column-style-top\" data-id=\"4bac3dd\" data-element_type=\"column\">\n\t\t\t<div class=\"elementor-widget-wrap elementor-element-populated\">\n\t\t\t\t\t\t<div class=\"elementor-element elementor-element-32ce15d elementor-widget elementor-widget-gva-icon-box-styles\" data-id=\"32ce15d\" data-element_type=\"widget\" data-widget_type=\"gva-icon-box-styles.default\">\n\t\t\t\t<div class=\"elementor-widget-container\">\n\t\t\t\t\t<div class=\"gva-element-gva-icon-box-styles gva-element\">\r\n   \r\n\r\n         <div class=\"widget gsc-icon-box-styles style-2 \">\r\n         \r\n         <div class=\"content-inner\">\r\n                           <h3 class=\"title\">\r\n                  This is the heading               <\/h3>\r\n                                       <div class=\"desc\">There are many new variations of pasages of available text.<\/div>\r\n                     <\/div>\r\n\r\n                     <div class=\"icon-inner\">\r\n                                 <span class=\"box-icon\">\r\n                     <span class=\"box-icon-inner\">\r\n                        <i aria-hidden=\"true\" class=\"fas fa-home\"><\/i>                     <\/span>\r\n                  <\/span>\r\n                           <\/div>\r\n         \r\n                              <div class=\"bg-image\">\r\n               <img decoding=\"async\" src=\"https:\/\/sameleading.com\/formation\/wp-content\/plugins\/zilom-themer\/elementor\/assets\/images\/image-1.jpg\" alt=\"This is the heading\" \/>\r\n            <\/div>\r\n                  \r\n         \r\n      <\/div> \r\n      \r\n\r\n      \r\n\r\n    \r\n\r\n\r\n<\/div>\t\t\t\t<\/div>\n\t\t\t\t<\/div>\n\t\t\t\t<div class=\"elementor-element elementor-element-c0ee20b elementor-widget elementor-widget-gva-icon-box-styles\" data-id=\"c0ee20b\" data-element_type=\"widget\" data-widget_type=\"gva-icon-box-styles.default\">\n\t\t\t\t<div class=\"elementor-widget-container\">\n\t\t\t\t\t<div class=\"gva-element-gva-icon-box-styles gva-element\">\r\n   \r\n\r\n         <div class=\"widget gsc-icon-box-styles style-2 \">\r\n         \r\n         <div class=\"content-inner\">\r\n                           <h3 class=\"title\">\r\n                  This is the heading               <\/h3>\r\n                                       <div class=\"desc\">There are many new variations of pasages of available text.<\/div>\r\n                     <\/div>\r\n\r\n                     <div class=\"icon-inner\">\r\n                                 <span class=\"box-icon\">\r\n                     <span class=\"box-icon-inner\">\r\n                        <i aria-hidden=\"true\" class=\"fas fa-home\"><\/i>                     <\/span>\r\n                  <\/span>\r\n                           <\/div>\r\n         \r\n                              <div class=\"bg-image\">\r\n               <img decoding=\"async\" src=\"https:\/\/sameleading.com\/formation\/wp-content\/plugins\/zilom-themer\/elementor\/assets\/images\/image-1.jpg\" alt=\"This is the heading\" \/>\r\n            <\/div>\r\n                  \r\n         \r\n      <\/div> \r\n      \r\n\r\n      \r\n\r\n    \r\n\r\n\r\n<\/div>\t\t\t\t<\/div>\n\t\t\t\t<\/div>\n\t\t\t\t\t<\/div>\n\t\t<\/div>\n\t\t\t\t<div class=\"elementor-column elementor-col-33 elementor-top-column elementor-element elementor-element-30b3a7f column-style-top\" data-id=\"30b3a7f\" data-element_type=\"column\">\n\t\t\t<div class=\"elementor-widget-wrap elementor-element-populated\">\n\t\t\t\t\t\t<div class=\"elementor-element elementor-element-618325a elementor-widget elementor-widget-gva-icon-box-styles\" data-id=\"618325a\" data-element_type=\"widget\" data-widget_type=\"gva-icon-box-styles.default\">\n\t\t\t\t<div class=\"elementor-widget-container\">\n\t\t\t\t\t<div class=\"gva-element-gva-icon-box-styles gva-element\">\r\n   \r\n\r\n         <div class=\"widget gsc-icon-box-styles style-2 \">\r\n         \r\n         <div class=\"content-inner\">\r\n                           <h3 class=\"title\">\r\n                  This is the heading               <\/h3>\r\n                                       <div class=\"desc\">There are many new variations of pasages of available text.<\/div>\r\n                     <\/div>\r\n\r\n                     <div class=\"icon-inner\">\r\n                                 <span class=\"box-icon\">\r\n                     <span class=\"box-icon-inner\">\r\n                        <i aria-hidden=\"true\" class=\"fas fa-home\"><\/i>                     <\/span>\r\n                  <\/span>\r\n                           <\/div>\r\n         \r\n                              <div class=\"bg-image\">\r\n               <img decoding=\"async\" src=\"https:\/\/sameleading.com\/formation\/wp-content\/plugins\/zilom-themer\/elementor\/assets\/images\/image-1.jpg\" alt=\"This is the heading\" \/>\r\n            <\/div>\r\n                  \r\n         \r\n      <\/div> \r\n      \r\n\r\n      \r\n\r\n    \r\n\r\n\r\n<\/div>\t\t\t\t<\/div>\n\t\t\t\t<\/div>\n\t\t\t\t<div class=\"elementor-element elementor-element-f67db7c elementor-widget elementor-widget-gva-icon-box-styles\" data-id=\"f67db7c\" data-element_type=\"widget\" data-widget_type=\"gva-icon-box-styles.default\">\n\t\t\t\t<div class=\"elementor-widget-container\">\n\t\t\t\t\t<div class=\"gva-element-gva-icon-box-styles gva-element\">\r\n   \r\n\r\n         <div class=\"widget gsc-icon-box-styles style-2 \">\r\n         \r\n         <div class=\"content-inner\">\r\n                           <h3 class=\"title\">\r\n                  This is the heading               <\/h3>\r\n                                       <div class=\"desc\">There are many new variations of pasages of available text.<\/div>\r\n                     <\/div>\r\n\r\n                     <div class=\"icon-inner\">\r\n                                 <span class=\"box-icon\">\r\n                     <span class=\"box-icon-inner\">\r\n                        <i aria-hidden=\"true\" class=\"fas fa-home\"><\/i>                     <\/span>\r\n                  <\/span>\r\n                           <\/div>\r\n         \r\n                              <div class=\"bg-image\">\r\n               <img decoding=\"async\" src=\"https:\/\/sameleading.com\/formation\/wp-content\/plugins\/zilom-themer\/elementor\/assets\/images\/image-1.jpg\" alt=\"This is the heading\" \/>\r\n            <\/div>\r\n                  \r\n         \r\n      <\/div> \r\n      \r\n\r\n      \r\n\r\n    \r\n\r\n\r\n<\/div>\t\t\t\t<\/div>\n\t\t\t\t<\/div>\n\t\t\t\t\t<\/div>\n\t\t<\/div>\n\t\t\t\t\t<\/div>\n\t\t<\/section>\n\t\t\t\t<section class=\"elementor-section elementor-top-section elementor-element elementor-element-ac47ddd bg-row-theme elementor-section-boxed elementor-section-height-default elementor-section-height-default row-top\" data-id=\"ac47ddd\" data-element_type=\"section\" data-settings=\"{&quot;background_background&quot;:&quot;classic&quot;}\">\n\t\t\t\t\t\t<div class=\"elementor-container elementor-column-gap-default\">\n\t\t\t\t\t<div class=\"elementor-column elementor-col-50 elementor-top-column elementor-element elementor-element-2b93fcd column-style-top\" data-id=\"2b93fcd\" data-element_type=\"column\">\n\t\t\t<div class=\"elementor-widget-wrap elementor-element-populated\">\n\t\t\t\t\t\t<div class=\"elementor-element elementor-element-6959607 elementor-widget elementor-widget-gva-heading-block\" data-id=\"6959607\" data-element_type=\"widget\" data-widget_type=\"gva-heading-block.default\">\n\t\t\t\t<div class=\"elementor-widget-container\">\n\t\t\t\t\t<div class=\"gva-element-gva-heading-block gva-element\">   <div class=\"align-left style-1 widget gsc-heading box-align-left auto-responsive\">\r\n      <div class=\"content-inner\">\r\n         \r\n                  \r\n           \r\n         \r\n                     <h2 class=\"title\">\r\n               <span>D\u00e9marer votre carri\u00e8re avec U.T.C.D.S  SARL d\u00e8s aujourd'hui<\/span>\r\n            <\/h2>\r\n                  \r\n         \r\n      <\/div>\r\n   <\/div>\r\n<\/div>\t\t\t\t<\/div>\n\t\t\t\t<\/div>\n\t\t\t\t\t<\/div>\n\t\t<\/div>\n\t\t\t\t<div class=\"elementor-column elementor-col-50 elementor-top-column elementor-element elementor-element-a361ff7 column-style-top\" data-id=\"a361ff7\" data-element_type=\"column\">\n\t\t\t<div class=\"elementor-widget-wrap elementor-element-populated\">\n\t\t\t\t\t\t<div class=\"elementor-element elementor-element-77eebb9 elementor-widget__width-auto elementor-widget elementor-widget-html\" data-id=\"77eebb9\" data-element_type=\"widget\" data-widget_type=\"html.default\">\n\t\t\t\t<div class=\"elementor-widget-container\">\n\t\t\t\t\t<a class=\"btn-white\" href=\"#\">\n    Inscrivez-vous\n<\/a>\t\t\t\t<\/div>\n\t\t\t\t<\/div>\n\t\t\t\t\t<\/div>\n\t\t<\/div>\n\t\t\t\t\t<\/div>\n\t\t<\/section>\n\t\t\t\t<\/div>\n\t\t","protected":false},"excerpt":{"rendered":"<p>Nos services Explorer tous nos services This is the heading There are many new variations of pasages of available text. This is the heading There are many new variations of [&hellip;]<\/p>\n","protected":false},"author":1,"featured_media":0,"parent":0,"menu_order":0,"comment_status":"closed","ping_status":"closed","template":"","meta":{"footnotes":""},"class_list":["post-5079","page","type-page","status-publish","hentry"],"_links":{"self":[{"href":"https:\/\/sameleading.com\/formation\/wp-json\/wp\/v2\/pages\/5079","targetHints":{"allow":["GET"]}}],"collection":[{"href":"https:\/\/sameleading.com\/formation\/wp-json\/wp\/v2\/pages"}],"about":[{"href":"https:\/\/sameleading.com\/formation\/wp-json\/wp\/v2\/types\/page"}],"author":[{"embeddable":true,"href":"https:\/\/sameleading.com\/formation\/wp-json\/wp\/v2\/users\/1"}],"replies":[{"embeddable":true,"href":"https:\/\/sameleading.com\/formation\/wp-json\/wp\/v2\/comments?post=5079"}],"version-history":[{"count":10,"href":"https:\/\/sameleading.com\/formation\/wp-json\/wp\/v2\/pages\/5079\/revisions"}],"predecessor-version":[{"id":5287,"href":"https:\/\/sameleading.com\/formation\/wp-json\/wp\/v2\/pages\/5079\/revisions\/5287"}],"wp:attachment":[{"href":"https:\/\/sameleading.com\/formation\/wp-json\/wp\/v2\/media?parent=5079"}],"curies":[{"name":"wp","href":"https:\/\/api.w.org\/{rel}","templated":true}]}}