{"id":5180,"date":"2025-03-14T12:15:49","date_gmt":"2025-03-14T11:15:49","guid":{"rendered":"https:\/\/sameleading.com\/formation\/?page_id=5180"},"modified":"2025-03-14T12:20:01","modified_gmt":"2025-03-14T11:20:01","slug":"notre-equipe","status":"publish","type":"page","link":"https:\/\/sameleading.com\/formation\/notre-equipe\/","title":{"rendered":"Notre \u00e9quipe"},"content":{"rendered":"\t\t<div data-elementor-type=\"wp-page\" data-elementor-id=\"5180\" class=\"elementor elementor-5180\">\n\t\t\t\t\t\t<section class=\"elementor-section elementor-top-section elementor-element elementor-element-2a3c338 elementor-section-boxed elementor-section-height-default elementor-section-height-default row-top\" data-id=\"2a3c338\" data-element_type=\"section\">\n\t\t\t\t\t\t<div class=\"elementor-container elementor-column-gap-default\">\n\t\t\t\t\t<div class=\"elementor-column elementor-col-100 elementor-top-column elementor-element elementor-element-11a005c column-style-top\" data-id=\"11a005c\" data-element_type=\"column\">\n\t\t\t<div class=\"elementor-widget-wrap elementor-element-populated\">\n\t\t\t\t\t\t<div class=\"elementor-element elementor-element-e00989b elementor-widget elementor-widget-gva-heading-block\" data-id=\"e00989b\" data-element_type=\"widget\" data-widget_type=\"gva-heading-block.default\">\n\t\t\t\t<div class=\"elementor-widget-container\">\n\t\t\t\t\t<div class=\"gva-element-gva-heading-block gva-element\">   <div class=\"align-center style-1 widget gsc-heading box-align-center auto-responsive\">\r\n      <div class=\"content-inner\">\r\n         \r\n                  \r\n                     <div class=\"sub-title\"><span>Notre \u00e9quipe<\/span><\/div>\r\n           \r\n         \r\n                     <h2 class=\"title\">\r\n               <span>Rencontrez les professeurs<\/span>\r\n            <\/h2>\r\n                  \r\n         \r\n      <\/div>\r\n   <\/div>\r\n<\/div>\t\t\t\t<\/div>\n\t\t\t\t<\/div>\n\t\t\t\t<div class=\"elementor-element elementor-element-8c4cc8f elementor-widget elementor-widget-gva-users-instructor\" data-id=\"8c4cc8f\" data-element_type=\"widget\" data-widget_type=\"gva-users-instructor.default\">\n\t\t\t\t<div class=\"elementor-widget-container\">\n\t\t\t\t\t<div class=\"gva-element-gva-users-instructor gva-element\">\r\n<div class=\"gva-listing-users\">\r\n\t<div class=\"init-carousel-owl owl-carousel\" data-items=\"3\" data-items_lg=\"3\" data-items_md=\"3\" data-items_sm=\"2\" data-items_xs=\"1\" data-items_xx=\"1\" data-loop=\"1\" data-speed=\"800\" data-auto_play=\"1\" data-auto_play_speed=\"800\" data-auto_play_timeout=\"6000\" data-auto_play_hover=\"1\" data-navigation=\"1\" data-pagination=\"0\" data-mouse_drag=\"1\" data-touch_drag=\"1\" >\r\n\t\t\t\t  <div class=\"item\">\r\n\t\t\t\t<div class=\"profile-block role-tutor_instructor\">\r\n\t<div class=\"user-avatar\">\r\n\t\t<a href=\"https:\/\/sameleading.com\/formation\/profile\/didacweb?view=student\" class=\"avatar\">\r\n\t\t\t<img decoding=\"async\" src=\"https:\/\/secure.gravatar.com\/avatar\/0b0d6646c40855ec911cc7a5490ca822796fd71446cb6a7b280b0e6e677bff62?s=210&#038;d=mm&#038;r=g\" alt=\"\"\/>\r\n\t\t<\/a>\r\n\t<\/div>\r\n\r\n\t<div class=\"profile-content\">\r\n\t\t<h3 class=\"profile-name\">\r\n\t\t\t<a href=\"https:\/\/sameleading.com\/formation\/profile\/didacweb?view=instructor\">\r\n\t\t\t\tDidacweb\t\t\t<\/a>\t\r\n\t\t<\/h3>\r\n\r\n\t\t<div class=\"profile-sub\">Formateur<\/div>\t\r\n\r\n\t\t\t\t\t        \t<div class=\"tutor-loop-rating-wrap\">      \r\n            <div class=\"tutor-ratings-stars\"><i class=\"tutor-icon-star-line\" data-rating-value=\"1\"><\/i><i class=\"tutor-icon-star-line\" data-rating-value=\"2\"><\/i><i class=\"tutor-icon-star-line\" data-rating-value=\"3\"><\/i><i class=\"tutor-icon-star-line\" data-rating-value=\"4\"><\/i><i class=\"tutor-icon-star-line\" data-rating-value=\"5\"><\/i><\/div><input type=\"hidden\" name=\"tutor_rating_gen_input\" value=\"0\" \/>            <span class=\"tutor-rating-count\">\r\n               0               <span class=\"number\">0<\/span>\r\n            <\/span>\r\n        \t<\/div>\r\n      \r\n      \r\n      <div class=\"meta-bottom\">\r\n      \t<div class=\"content-inner\">\r\n\t\t      \t\t\t      <div class=\"meta-item\">\r\n\t\t\t        \t<span>0<\/span> \r\n                  Cours\t\t\t      <\/div>\r\n\t\t                            \r\n\t\t     \t\r\n\t\t\t\t<div class=\"meta-item profile-socials\">\r\n\t\t\t\t\t\t\t\t\t<\/div>\r\n\t\t\t<\/div>\t\r\n\t\t<\/div>\t\r\n\t<\/div>\r\n<\/div>\t\t  <\/div>\r\n\r\n\t\t\t\t  <div class=\"item\">\r\n\t\t\t\t<div class=\"profile-block role-tutor_instructor\">\r\n\t<div class=\"user-avatar\">\r\n\t\t<a href=\"https:\/\/sameleading.com\/formation\/profile\/wgouater?view=student\" class=\"avatar\">\r\n\t\t\t<img decoding=\"async\" src=\"https:\/\/secure.gravatar.com\/avatar\/a1a8fe41e1ed797572c9d108513e59a891b1ab0d1266c2c6f0863fe11c8bc741?s=210&#038;d=mm&#038;r=g\" alt=\"\"\/>\r\n\t\t<\/a>\r\n\t<\/div>\r\n\r\n\t<div class=\"profile-content\">\r\n\t\t<h3 class=\"profile-name\">\r\n\t\t\t<a href=\"https:\/\/sameleading.com\/formation\/profile\/wgouater?view=instructor\">\r\n\t\t\t\tWilfried Gouater\t\t\t<\/a>\t\r\n\t\t<\/h3>\r\n\r\n\t\t<div class=\"profile-sub\">Formateur<\/div>\t\r\n\r\n\t\t\t\t\t        \t<div class=\"tutor-loop-rating-wrap\">      \r\n            <div class=\"tutor-ratings-stars\"><i class=\"tutor-icon-star-line\" data-rating-value=\"1\"><\/i><i class=\"tutor-icon-star-line\" data-rating-value=\"2\"><\/i><i class=\"tutor-icon-star-line\" data-rating-value=\"3\"><\/i><i class=\"tutor-icon-star-line\" data-rating-value=\"4\"><\/i><i class=\"tutor-icon-star-line\" data-rating-value=\"5\"><\/i><\/div><input type=\"hidden\" name=\"tutor_rating_gen_input\" value=\"0\" \/>            <span class=\"tutor-rating-count\">\r\n               0               <span class=\"number\">0<\/span>\r\n            <\/span>\r\n        \t<\/div>\r\n      \r\n      \r\n      <div class=\"meta-bottom\">\r\n      \t<div class=\"content-inner\">\r\n\t\t      \t\t\t      <div class=\"meta-item\">\r\n\t\t\t        \t<span>0<\/span> \r\n                  Cours\t\t\t      <\/div>\r\n\t\t                            \r\n\t\t     \t\r\n\t\t\t\t<div class=\"meta-item profile-socials\">\r\n\t\t\t\t\t\t\t\t\t<\/div>\r\n\t\t\t<\/div>\t\r\n\t\t<\/div>\t\r\n\t<\/div>\r\n<\/div>\t\t  <\/div>\r\n\r\n\t\t\t\t  <div class=\"item\">\r\n\t\t\t\t<div class=\"profile-block role-tutor_instructor\">\r\n\t<div class=\"user-avatar\">\r\n\t\t<a href=\"https:\/\/sameleading.com\/formation\/profile\/admin?view=student\" class=\"avatar\">\r\n\t\t\t<img decoding=\"async\" src=\"https:\/\/secure.gravatar.com\/avatar\/8a6506fee3119f9d27fdbb28a639b479e0029996042238a9390f6a7495dceb96?s=210&#038;d=mm&#038;r=g\" alt=\"\"\/>\r\n\t\t<\/a>\r\n\t<\/div>\r\n\r\n\t<div class=\"profile-content\">\r\n\t\t<h3 class=\"profile-name\">\r\n\t\t\t<a href=\"https:\/\/sameleading.com\/formation\/profile\/admin?view=instructor\">\r\n\t\t\t\tadmin\t\t\t<\/a>\t\r\n\t\t<\/h3>\r\n\r\n\t\t<div class=\"profile-sub\">Formateur<\/div>\t\r\n\r\n\t\t\t\t\t        \t<div class=\"tutor-loop-rating-wrap\">      \r\n            <div class=\"tutor-ratings-stars\"><i class=\"tutor-icon-star-bold\" data-rating-value=\"1\"><\/i><i class=\"tutor-icon-star-bold\" data-rating-value=\"2\"><\/i><i class=\"tutor-icon-star-bold\" data-rating-value=\"3\"><\/i><i class=\"tutor-icon-star-bold\" data-rating-value=\"4\"><\/i><i class=\"tutor-icon-star-line\" data-rating-value=\"5\"><\/i><\/div><input type=\"hidden\" name=\"tutor_rating_gen_input\" value=\"4.00\" \/>            <span class=\"tutor-rating-count\">\r\n               4.00               <span class=\"number\">18<\/span>\r\n            <\/span>\r\n        \t<\/div>\r\n      \r\n      \r\n      <div class=\"meta-bottom\">\r\n      \t<div class=\"content-inner\">\r\n\t\t      \t\t\t      <div class=\"meta-item\">\r\n\t\t\t        \t<span>13<\/span> \r\n                  Cours\t\t\t      <\/div>\r\n\t\t                            \r\n\t\t     \t\r\n\t\t\t\t<div class=\"meta-item profile-socials\">\r\n\t\t\t\t\t\t\t\t\t<\/div>\r\n\t\t\t<\/div>\t\r\n\t\t<\/div>\t\r\n\t<\/div>\r\n<\/div>\t\t  <\/div>\r\n\r\n\t\t\r\n\t<\/div>\r\n<\/div>\r\n\r\n<\/div>\t\t\t\t<\/div>\n\t\t\t\t<\/div>\n\t\t\t\t\t<\/div>\n\t\t<\/div>\n\t\t\t\t\t<\/div>\n\t\t<\/section>\n\t\t\t\t<section class=\"elementor-section elementor-top-section elementor-element elementor-element-736c4c0 elementor-section-boxed elementor-section-height-default elementor-section-height-default row-top\" data-id=\"736c4c0\" data-element_type=\"section\">\n\t\t\t\t\t\t<div class=\"elementor-container elementor-column-gap-default\">\n\t\t\t\t\t<div class=\"elementor-column elementor-col-100 elementor-top-column elementor-element elementor-element-5b5fd00 column-style-top\" data-id=\"5b5fd00\" data-element_type=\"column\">\n\t\t\t<div class=\"elementor-widget-wrap elementor-element-populated\">\n\t\t\t\t\t\t<div class=\"elementor-element elementor-element-5c7318e elementor-widget elementor-widget-gva-heading-block\" data-id=\"5c7318e\" data-element_type=\"widget\" data-widget_type=\"gva-heading-block.default\">\n\t\t\t\t<div class=\"elementor-widget-container\">\n\t\t\t\t\t<div class=\"gva-element-gva-heading-block gva-element\">   <div class=\"align-center style-2 widget gsc-heading box-align-left auto-responsive\">\r\n      <div class=\"content-inner\">\r\n         \r\n                  \r\n           \r\n         \r\n                     <h2 class=\"title\">\r\n               <span>Nous avons de nombreux apprenants dans le monde entier !<\/span>\r\n            <\/h2>\r\n                  \r\n         \r\n      <\/div>\r\n   <\/div>\r\n<\/div>\t\t\t\t<\/div>\n\t\t\t\t<\/div>\n\t\t\t\t<div class=\"elementor-element elementor-element-5b08a6b elementor-widget elementor-widget-gva-brand\" data-id=\"5b08a6b\" data-element_type=\"widget\" data-widget_type=\"gva-brand.default\">\n\t\t\t\t<div class=\"elementor-widget-container\">\n\t\t\t\t\t<div class=\"gva-element-gva-brand gva-element\">\r\n   <div class=\"gva-brand-carousel style-1\">\r\n      <div class=\"init-carousel-owl owl-carousel\" data-items=\"5\" data-items_lg=\"5\" data-items_md=\"4\" data-items_sm=\"3\" data-items_xs=\"2\" data-items_xx=\"2\" data-loop=\"1\" data-speed=\"800\" data-auto_play=\"1\" data-auto_play_speed=\"800\" data-auto_play_timeout=\"6000\" data-auto_play_hover=\"1\" data-navigation=\"1\" data-pagination=\"0\" data-mouse_drag=\"1\" data-touch_drag=\"1\" >\r\n                     <div class=\"item brand-item\">\r\n               <div class=\"brand-item-content\">\r\n                  <img decoding=\"async\" src=\"https:\/\/sameleading.com\/formation\/wp-content\/plugins\/zilom-themer\/elementor\/assets\/images\/brand.png\" alt=\"\" class=\"brand-img\"\/>                                 <\/div>\r\n            <\/div>\r\n                     <div class=\"item brand-item\">\r\n               <div class=\"brand-item-content\">\r\n                  <img decoding=\"async\" src=\"https:\/\/sameleading.com\/formation\/wp-content\/plugins\/zilom-themer\/elementor\/assets\/images\/brand.png\" alt=\"\" class=\"brand-img\"\/>                                 <\/div>\r\n            <\/div>\r\n                     <div class=\"item brand-item\">\r\n               <div class=\"brand-item-content\">\r\n                  <img decoding=\"async\" src=\"https:\/\/sameleading.com\/formation\/wp-content\/plugins\/zilom-themer\/elementor\/assets\/images\/brand.png\" alt=\"\" class=\"brand-img\"\/>                                 <\/div>\r\n            <\/div>\r\n                     <div class=\"item brand-item\">\r\n               <div class=\"brand-item-content\">\r\n                  <img decoding=\"async\" src=\"https:\/\/sameleading.com\/formation\/wp-content\/plugins\/zilom-themer\/elementor\/assets\/images\/brand.png\" alt=\"\" class=\"brand-img\"\/>                                 <\/div>\r\n            <\/div>\r\n                     <div class=\"item brand-item\">\r\n               <div class=\"brand-item-content\">\r\n                  <img decoding=\"async\" src=\"https:\/\/sameleading.com\/formation\/wp-content\/plugins\/zilom-themer\/elementor\/assets\/images\/brand.png\" alt=\"\" class=\"brand-img\"\/>                                 <\/div>\r\n            <\/div>\r\n                     <div class=\"item brand-item\">\r\n               <div class=\"brand-item-content\">\r\n                  <img decoding=\"async\" src=\"https:\/\/sameleading.com\/formation\/wp-content\/plugins\/zilom-themer\/elementor\/assets\/images\/brand.png\" alt=\"\" class=\"brand-img\"\/>                                 <\/div>\r\n            <\/div>\r\n               <\/div>\r\n   <\/div>\r\n<\/div>\t\t\t\t<\/div>\n\t\t\t\t<\/div>\n\t\t\t\t\t<\/div>\n\t\t<\/div>\n\t\t\t\t\t<\/div>\n\t\t<\/section>\n\t\t\t\t<section class=\"elementor-section elementor-top-section elementor-element elementor-element-5694dd8 bg-row-theme elementor-section-boxed elementor-section-height-default elementor-section-height-default row-top\" data-id=\"5694dd8\" data-element_type=\"section\" data-settings=\"{&quot;background_background&quot;:&quot;classic&quot;}\">\n\t\t\t\t\t\t<div class=\"elementor-container elementor-column-gap-default\">\n\t\t\t\t\t<div class=\"elementor-column elementor-col-50 elementor-top-column elementor-element elementor-element-b6f4a6d column-style-top\" data-id=\"b6f4a6d\" data-element_type=\"column\">\n\t\t\t<div class=\"elementor-widget-wrap elementor-element-populated\">\n\t\t\t\t\t\t<div class=\"elementor-element elementor-element-b0f266a elementor-widget elementor-widget-gva-heading-block\" data-id=\"b0f266a\" data-element_type=\"widget\" data-widget_type=\"gva-heading-block.default\">\n\t\t\t\t<div class=\"elementor-widget-container\">\n\t\t\t\t\t<div class=\"gva-element-gva-heading-block gva-element\">   <div class=\"align-left style-1 widget gsc-heading box-align-left auto-responsive\">\r\n      <div class=\"content-inner\">\r\n         \r\n                  \r\n           \r\n         \r\n                     <h2 class=\"title\">\r\n               <span>D\u00e9marer votre carri\u00e8re avec U.T.C.D.S  SARL d\u00e8s aujourd'hui<\/span>\r\n            <\/h2>\r\n                  \r\n         \r\n      <\/div>\r\n   <\/div>\r\n<\/div>\t\t\t\t<\/div>\n\t\t\t\t<\/div>\n\t\t\t\t\t<\/div>\n\t\t<\/div>\n\t\t\t\t<div class=\"elementor-column elementor-col-50 elementor-top-column elementor-element elementor-element-5e0804b column-style-top\" data-id=\"5e0804b\" data-element_type=\"column\">\n\t\t\t<div class=\"elementor-widget-wrap elementor-element-populated\">\n\t\t\t\t\t\t<div class=\"elementor-element elementor-element-69ebe10 elementor-widget elementor-widget-shortcode\" data-id=\"69ebe10\" data-element_type=\"widget\" data-widget_type=\"shortcode.default\">\n\t\t\t\t<div class=\"elementor-widget-container\">\n\t\t\t\t\t\t\t<div class=\"elementor-shortcode\"><script>(function() {\n\twindow.mc4wp = window.mc4wp || {\n\t\tlisteners: [],\n\t\tforms: {\n\t\t\ton: function(evt, cb) {\n\t\t\t\twindow.mc4wp.listeners.push(\n\t\t\t\t\t{\n\t\t\t\t\t\tevent   : evt,\n\t\t\t\t\t\tcallback: cb\n\t\t\t\t\t}\n\t\t\t\t);\n\t\t\t}\n\t\t}\n\t}\n})();\n<\/script><!-- Mailchimp for WordPress v4.10.2 - https:\/\/wordpress.org\/plugins\/mailchimp-for-wp\/ --><form id=\"mc4wp-form-1\" class=\"mc4wp-form mc4wp-form-199\" method=\"post\" data-id=\"199\" data-name=\"Newsletter\" ><div class=\"mc4wp-form-fields\"><div class=\"newsletter-form\">\r\n <div class=\"content-form\">\r\n    <input type=\"email\" name=\"EMAIL\" placeholder=\"Entrer votre Email\" required \/>\r\n    <span class=\"form-action\">\r\n       <i class=\"fas fa-paper-plane\"><\/i>\r\n       <input class=\"newsletter-submit\" type=\"submit\" value=\"Envoyer\" \/>\r\n    <\/span>\r\n <\/div>\r\n<\/div><\/div><label style=\"display: none !important;\">Laissez ce champ vide si vous \u00eates humain\u00a0: <input type=\"text\" name=\"_mc4wp_honeypot\" value=\"\" tabindex=\"-1\" autocomplete=\"off\" \/><\/label><input type=\"hidden\" name=\"_mc4wp_timestamp\" value=\"1776211194\" \/><input type=\"hidden\" name=\"_mc4wp_form_id\" value=\"199\" \/><input type=\"hidden\" name=\"_mc4wp_form_element_id\" value=\"mc4wp-form-1\" \/><div class=\"mc4wp-response\"><\/div><\/form><!-- \/ Mailchimp for WordPress Plugin --><\/div>\n\t\t\t\t\t\t<\/div>\n\t\t\t\t<\/div>\n\t\t\t\t<div class=\"elementor-element elementor-element-737f248 elementor-position-left icon-box-left elementor-view-default elementor-mobile-position-top elementor-widget elementor-widget-icon-box\" data-id=\"737f248\" data-element_type=\"widget\" data-widget_type=\"icon-box.default\">\n\t\t\t\t<div class=\"elementor-widget-container\">\n\t\t\t\t\t\t\t<div class=\"elementor-icon-box-wrapper\">\n\n\t\t\t\t\t\t<div class=\"elementor-icon-box-icon\">\n\t\t\t\t<span  class=\"elementor-icon\">\n\t\t\t\t<i aria-hidden=\"true\" class=\" flaticon-mail-send\"><\/i>\t\t\t\t<\/span>\n\t\t\t<\/div>\n\t\t\t\n\t\t\t\t\t\t<div class=\"elementor-icon-box-content\">\n\n\t\t\t\t\t\t\t\t\t<h3 class=\"elementor-icon-box-title\">\n\t\t\t\t\t\t<span  >\n\t\t\t\t\t\t\tSign up now for weekly news and updates\t\t\t\t\t\t<\/span>\n\t\t\t\t\t<\/h3>\n\t\t\t\t\n\t\t\t\t\n\t\t\t<\/div>\n\t\t\t\n\t\t<\/div>\n\t\t\t\t\t\t<\/div>\n\t\t\t\t<\/div>\n\t\t\t\t\t<\/div>\n\t\t<\/div>\n\t\t\t\t\t<\/div>\n\t\t<\/section>\n\t\t\t\t<\/div>\n\t\t","protected":false},"excerpt":{"rendered":"<p>Notre \u00e9quipe Rencontrez les professeurs admin Formateur 4.00 18 10 Cours Nous avons de nombreux apprenants dans le monde entier ! D\u00e9marer votre carri\u00e8re avec U.T.C.D.S SARL d\u00e8s aujourd&rsquo;hui Sign [&hellip;]<\/p>\n","protected":false},"author":1,"featured_media":0,"parent":0,"menu_order":0,"comment_status":"closed","ping_status":"closed","template":"","meta":{"footnotes":""},"class_list":["post-5180","page","type-page","status-publish","hentry"],"_links":{"self":[{"href":"https:\/\/sameleading.com\/formation\/wp-json\/wp\/v2\/pages\/5180","targetHints":{"allow":["GET"]}}],"collection":[{"href":"https:\/\/sameleading.com\/formation\/wp-json\/wp\/v2\/pages"}],"about":[{"href":"https:\/\/sameleading.com\/formation\/wp-json\/wp\/v2\/types\/page"}],"author":[{"embeddable":true,"href":"https:\/\/sameleading.com\/formation\/wp-json\/wp\/v2\/users\/1"}],"replies":[{"embeddable":true,"href":"https:\/\/sameleading.com\/formation\/wp-json\/wp\/v2\/comments?post=5180"}],"version-history":[{"count":4,"href":"https:\/\/sameleading.com\/formation\/wp-json\/wp\/v2\/pages\/5180\/revisions"}],"predecessor-version":[{"id":5186,"href":"https:\/\/sameleading.com\/formation\/wp-json\/wp\/v2\/pages\/5180\/revisions\/5186"}],"wp:attachment":[{"href":"https:\/\/sameleading.com\/formation\/wp-json\/wp\/v2\/media?parent=5180"}],"curies":[{"name":"wp","href":"https:\/\/api.w.org\/{rel}","templated":true}]}}