{"id":5181,"date":"2025-03-14T12:21:06","date_gmt":"2025-03-14T11:21:06","guid":{"rendered":"https:\/\/sameleading.com\/formation\/?page_id=5181"},"modified":"2025-03-14T17:25:06","modified_gmt":"2025-03-14T16:25:06","slug":"notre-mission","status":"publish","type":"page","link":"https:\/\/sameleading.com\/formation\/notre-mission\/","title":{"rendered":"Notre mission"},"content":{"rendered":"\t\t<div data-elementor-type=\"wp-page\" data-elementor-id=\"5181\" class=\"elementor elementor-5181\">\n\t\t\t\t\t\t<section class=\"elementor-section elementor-top-section elementor-element elementor-element-56480c9 elementor-section-boxed elementor-section-height-default elementor-section-height-default row-top\" data-id=\"56480c9\" data-element_type=\"section\" data-settings=\"{&quot;background_background&quot;:&quot;classic&quot;}\">\n\t\t\t\t\t\t<div class=\"elementor-container elementor-column-gap-default\">\n\t\t\t\t\t<div class=\"elementor-column elementor-col-50 elementor-top-column elementor-element elementor-element-f2965d6 order-xxl-1 order-xl-1 order-2 column-style-top\" data-id=\"f2965d6\" data-element_type=\"column\">\n\t\t\t<div class=\"elementor-widget-wrap elementor-element-populated\">\n\t\t\t\t\t\t<div class=\"elementor-element elementor-element-e290b68 elementor-widget elementor-widget-gva-heading-block\" data-id=\"e290b68\" data-element_type=\"widget\" data-widget_type=\"gva-heading-block.default\">\n\t\t\t\t<div class=\"elementor-widget-container\">\n\t\t\t\t\t<div class=\"gva-element-gva-heading-block gva-element\">   <div class=\"align-left style-1 widget gsc-heading box-align-left auto-responsive\">\r\n      <div class=\"content-inner\">\r\n         \r\n                  \r\n                     <div class=\"sub-title\"><span>Notre Mission SameLeading Training<\/span><\/div>\r\n           \r\n         \r\n                     <h2 class=\"title\">\r\n               <span>Fournir les outils et le soutien pour r\u00e9aliser votre plein potentiel.<\/span>\r\n            <\/h2>\r\n                              <div class=\"title-desc\">Notre mission est de vous fournir les outils, les ressources et le soutien n\u00e9cessaires pour exploiter pleinement votre potentiel et atteindre vos objectifs. Nous croyons en votre capacit\u00e9 \u00e0 \u00e9voluer et \u00e0 progresser tout au long de votre parcours. Gr\u00e2ce \u00e0 une approche personnalis\u00e9e et des m\u00e9thodes de d\u00e9veloppement personnel, nous vous aidons \u00e0 surmonter les obstacles, renforcer votre confiance en vous et adopter une mentalit\u00e9 positive pour r\u00e9ussir.<\/div>\r\n         \r\n         \r\n      <\/div>\r\n   <\/div>\r\n<\/div>\t\t\t\t<\/div>\n\t\t\t\t<\/div>\n\t\t\t\t<section class=\"elementor-section elementor-inner-section elementor-element elementor-element-2671c86 elementor-section-boxed elementor-section-height-default elementor-section-height-default row-top\" data-id=\"2671c86\" data-element_type=\"section\">\n\t\t\t\t\t\t<div class=\"elementor-container elementor-column-gap-default\">\n\t\t\t\t\t<div class=\"elementor-column elementor-col-50 elementor-inner-column elementor-element elementor-element-6d4cdd5 column-style-top\" data-id=\"6d4cdd5\" data-element_type=\"column\">\n\t\t\t<div class=\"elementor-widget-wrap elementor-element-populated\">\n\t\t\t\t\t\t<div class=\"elementor-element elementor-element-b2bd6ff elementor-position-left icon-box-left elementor-view-default elementor-mobile-position-top elementor-widget elementor-widget-icon-box\" data-id=\"b2bd6ff\" data-element_type=\"widget\" data-widget_type=\"icon-box.default\">\n\t\t\t\t<div class=\"elementor-widget-container\">\n\t\t\t\t\t\t\t<div class=\"elementor-icon-box-wrapper\">\n\n\t\t\t\t\t\t<div class=\"elementor-icon-box-icon\">\n\t\t\t\t<span  class=\"elementor-icon\">\n\t\t\t\t<i aria-hidden=\"true\" class=\" flaticon-professor\"><\/i>\t\t\t\t<\/span>\n\t\t\t<\/div>\n\t\t\t\n\t\t\t\t\t\t<div class=\"elementor-icon-box-content\">\n\n\t\t\t\t\t\t\t\t\t<h3 class=\"elementor-icon-box-title\">\n\t\t\t\t\t\t<span  >\n\t\t\t\t\t\t\tInnovation\t\t\t\t\t\t<\/span>\n\t\t\t\t\t<\/h3>\n\t\t\t\t\n\t\t\t\t\n\t\t\t<\/div>\n\t\t\t\n\t\t<\/div>\n\t\t\t\t\t\t<\/div>\n\t\t\t\t<\/div>\n\t\t\t\t\t<\/div>\n\t\t<\/div>\n\t\t\t\t<div class=\"elementor-column elementor-col-50 elementor-inner-column elementor-element elementor-element-5835730 column-style-top\" data-id=\"5835730\" data-element_type=\"column\">\n\t\t\t<div class=\"elementor-widget-wrap elementor-element-populated\">\n\t\t\t\t\t\t<div class=\"elementor-element elementor-element-42531d5 elementor-position-left icon-box-left elementor-view-default elementor-mobile-position-top elementor-widget elementor-widget-icon-box\" data-id=\"42531d5\" data-element_type=\"widget\" data-widget_type=\"icon-box.default\">\n\t\t\t\t<div class=\"elementor-widget-container\">\n\t\t\t\t\t\t\t<div class=\"elementor-icon-box-wrapper\">\n\n\t\t\t\t\t\t<div class=\"elementor-icon-box-icon\">\n\t\t\t\t<span  class=\"elementor-icon\">\n\t\t\t\t<i aria-hidden=\"true\" class=\" flaticon-knowledge\"><\/i>\t\t\t\t<\/span>\n\t\t\t<\/div>\n\t\t\t\n\t\t\t\t\t\t<div class=\"elementor-icon-box-content\">\n\n\t\t\t\t\t\t\t\t\t<h3 class=\"elementor-icon-box-title\">\n\t\t\t\t\t\t<span  >\n\t\t\t\t\t\t\tExcellence \t\t\t\t\t\t<\/span>\n\t\t\t\t\t<\/h3>\n\t\t\t\t\n\t\t\t\t\n\t\t\t<\/div>\n\t\t\t\n\t\t<\/div>\n\t\t\t\t\t\t<\/div>\n\t\t\t\t<\/div>\n\t\t\t\t\t<\/div>\n\t\t<\/div>\n\t\t\t\t\t<\/div>\n\t\t<\/section>\n\t\t\t\t<div class=\"elementor-element elementor-element-80a3453 elementor-widget elementor-widget-html\" data-id=\"80a3453\" data-element_type=\"widget\" data-widget_type=\"html.default\">\n\t\t\t\t<div class=\"elementor-widget-container\">\n\t\t\t\t\t<a class=\"btn-theme\" href=\"https:\/\/gaviaspreview.com\/wp\/zilom\/courses-page\/filter-top\/\">\n    Contactez-nous maintenant\n<\/a>\t\t\t\t<\/div>\n\t\t\t\t<\/div>\n\t\t\t\t\t<\/div>\n\t\t<\/div>\n\t\t\t\t<div class=\"elementor-column elementor-col-50 elementor-top-column elementor-element elementor-element-d53a8c2 order-xxl-2 order-xl-2 order-1 column-style-top\" data-id=\"d53a8c2\" data-element_type=\"column\">\n\t\t\t<div class=\"elementor-widget-wrap elementor-element-populated\">\n\t\t\t\t\t\t<div class=\"elementor-element elementor-element-bf7899d elementor-widget elementor-widget-gva-image-content\" data-id=\"bf7899d\" data-element_type=\"widget\" data-widget_type=\"gva-image-content.default\">\n\t\t\t\t<div class=\"elementor-widget-container\">\n\t\t\t\t\t<div class=\"gva-element-gva-image-content gva-element\">\t\t\r\n\t  \r\n\t \r\n\t  \r\n\r\n\t\r\n\t<div class=\"clearfix gsc-image-content skin-v4\">\r\n\t  \r\n\t  \t\t <div class=\"image\">\r\n\t\t \t<div class=\"image-inner\">\r\n\t\t\t\t\t\t  <a href=\"#\">\r\n\t\t\t <img decoding=\"async\" src=\"https:\/\/sameleading.com\/formation\/wp-content\/uploads\/2025\/03\/utcds-10.jpg\" alt=\"Trusted by 8800 customers\" \/>\t\t  <\/a>\r\n\t\t    \r\n\t\t\t<\/div>\r\n\t\t\t<div class=\"line-color\"><\/div>\r\n\t\t <\/div>\r\n\t  \r\n\t  \t\t <div class=\"image-second\">\r\n\t\t\t<div class=\"image-second-inner\">\r\n\t\t\t  \t\t  <a href=\"#\">\r\n\t\t\t <img decoding=\"async\" src=\"https:\/\/sameleading.com\/formation\/wp-content\/uploads\/2025\/03\/utcds-6.jpg\" alt=\"Trusted by 8800 customers\" \/>\t\t  <\/a>\r\n\t\t    \r\n\t\t\t<\/div>  \r\n\t\t <\/div>\r\n\t  \r\n\t<\/div>\r\n \r\n\r\n  \r\n\r\n \r\n\r\n <\/div>\t\t\t\t<\/div>\n\t\t\t\t<\/div>\n\t\t\t\t\t<\/div>\n\t\t<\/div>\n\t\t\t\t\t<\/div>\n\t\t<\/section>\n\t\t\t\t<section class=\"elementor-section elementor-top-section elementor-element elementor-element-3b7add7 elementor-section-boxed elementor-section-height-default elementor-section-height-default row-top\" data-id=\"3b7add7\" data-element_type=\"section\">\n\t\t\t\t\t\t<div class=\"elementor-container elementor-column-gap-default\">\n\t\t\t\t\t<div class=\"elementor-column elementor-col-50 elementor-top-column elementor-element elementor-element-7d44729 order-xxl-1 order-xl-1 order-2 column-style-top\" data-id=\"7d44729\" data-element_type=\"column\">\n\t\t\t<div class=\"elementor-widget-wrap elementor-element-populated\">\n\t\t\t\t\t\t<div class=\"elementor-element elementor-element-79f1b47 elementor-widget elementor-widget-gva-heading-block\" data-id=\"79f1b47\" data-element_type=\"widget\" data-widget_type=\"gva-heading-block.default\">\n\t\t\t\t<div class=\"elementor-widget-container\">\n\t\t\t\t\t<div class=\"gva-element-gva-heading-block gva-element\">   <div class=\"align-left style-1 widget gsc-heading box-align-left auto-responsive\">\r\n      <div class=\"content-inner\">\r\n         \r\n                  \r\n                     <div class=\"sub-title\"><span>chez SameLeading Training<\/span><\/div>\r\n           \r\n         \r\n                     <h2 class=\"title\">\r\n               <span>Explorez votre potentiel, identifiez vos forces et travaillez sur vos axes d'am\u00e9lioration.<\/span>\r\n            <\/h2>\r\n                  \r\n         \r\n      <\/div>\r\n   <\/div>\r\n<\/div>\t\t\t\t<\/div>\n\t\t\t\t<\/div>\n\t\t\t\t<div class=\"elementor-element elementor-element-6ff682d elementor-widget elementor-widget-text-editor\" data-id=\"6ff682d\" data-element_type=\"widget\" data-widget_type=\"text-editor.default\">\n\t\t\t\t<div class=\"elementor-widget-container\">\n\t\t\t\t\t\t\t\t\t<p data-start=\"501\" data-end=\"917\">nous croyons en l\u2019importance de la croissance personnelle et du bien-\u00eatre \u00e9motionnel. Notre approche int\u00e8gre des m\u00e9thodes de d\u00e9veloppement personnel pour vous aider \u00e0 surmonter les obstacles, renforcer votre confiance en vous et adopter une mentalit\u00e9 positive. Nous vous accompagnons dans la cr\u00e9ation d&rsquo;une vie \u00e9panouissante, align\u00e9e avec vos valeurs et vos aspirations.\u00a0\u00bb<\/p>\t\t\t\t\t\t\t\t<\/div>\n\t\t\t\t<\/div>\n\t\t\t\t\t<\/div>\n\t\t<\/div>\n\t\t\t\t<div class=\"elementor-column elementor-col-50 elementor-top-column elementor-element elementor-element-ba69ff5 order-xxl-2 order-xl-2 order-1 column-style-top\" data-id=\"ba69ff5\" data-element_type=\"column\">\n\t\t\t<div class=\"elementor-widget-wrap elementor-element-populated\">\n\t\t\t\t\t\t<section class=\"elementor-section elementor-inner-section elementor-element elementor-element-377df7c elementor-section-boxed elementor-section-height-default elementor-section-height-default row-top\" data-id=\"377df7c\" data-element_type=\"section\">\n\t\t\t\t\t\t<div class=\"elementor-container elementor-column-gap-default\">\n\t\t\t\t\t<div class=\"elementor-column elementor-col-100 elementor-inner-column elementor-element elementor-element-81aa141 column-style-top\" data-id=\"81aa141\" data-element_type=\"column\">\n\t\t\t<div class=\"elementor-widget-wrap elementor-element-populated\">\n\t\t\t\t\t\t<div class=\"elementor-element elementor-element-09b9257 elementor-widget elementor-widget-gva-image-content\" data-id=\"09b9257\" data-element_type=\"widget\" data-widget_type=\"gva-image-content.default\">\n\t\t\t\t<div class=\"elementor-widget-container\">\n\t\t\t\t\t<div class=\"gva-element-gva-image-content gva-element\">\t\t\r\n\t  \r\n\t \r\n\t  \r\n\r\n\t\t\t<div class=\"clearfix gsc-image-content skin-v3\">\r\n\t\t\t\t\t\t\t<div class=\"image\">\r\n\t\t\t\t\t<img fetchpriority=\"high\" decoding=\"async\" width=\"800\" height=\"716\" src=\"https:\/\/sameleading.com\/formation\/wp-content\/uploads\/2025\/03\/utcds-7.jpg\" class=\"attachment-full size-full wp-image-5307\" alt=\"\" srcset=\"https:\/\/sameleading.com\/formation\/wp-content\/uploads\/2025\/03\/utcds-7.jpg 800w, https:\/\/sameleading.com\/formation\/wp-content\/uploads\/2025\/03\/utcds-7-300x269.jpg 300w, https:\/\/sameleading.com\/formation\/wp-content\/uploads\/2025\/03\/utcds-7-768x687.jpg 768w, https:\/\/sameleading.com\/formation\/wp-content\/uploads\/2025\/03\/utcds-7-600x537.jpg 600w\" sizes=\"(max-width: 800px) 100vw, 800px\" \/>\t\t\t\t<\/div>\r\n\t\t\t\t\t\t<div class=\"shape-1\"><\/div>\r\n\t\t\t<div class=\"shape-2\"><\/div>\r\n\t\t<\/div>\r\n\r\n \r\n\r\n  \r\n\r\n \r\n\r\n <\/div>\t\t\t\t<\/div>\n\t\t\t\t<\/div>\n\t\t\t\t\t<\/div>\n\t\t<\/div>\n\t\t\t\t\t<\/div>\n\t\t<\/section>\n\t\t\t\t\t<\/div>\n\t\t<\/div>\n\t\t\t\t\t<\/div>\n\t\t<\/section>\n\t\t\t\t<section class=\"elementor-section elementor-top-section elementor-element elementor-element-5694dd8 bg-row-theme elementor-section-boxed elementor-section-height-default elementor-section-height-default row-top\" data-id=\"5694dd8\" data-element_type=\"section\" data-settings=\"{&quot;background_background&quot;:&quot;classic&quot;}\">\n\t\t\t\t\t\t<div class=\"elementor-container elementor-column-gap-default\">\n\t\t\t\t\t<div class=\"elementor-column elementor-col-50 elementor-top-column elementor-element elementor-element-b6f4a6d column-style-top\" data-id=\"b6f4a6d\" data-element_type=\"column\">\n\t\t\t<div class=\"elementor-widget-wrap elementor-element-populated\">\n\t\t\t\t\t\t<div class=\"elementor-element elementor-element-b0f266a elementor-widget elementor-widget-gva-heading-block\" data-id=\"b0f266a\" data-element_type=\"widget\" data-widget_type=\"gva-heading-block.default\">\n\t\t\t\t<div class=\"elementor-widget-container\">\n\t\t\t\t\t<div class=\"gva-element-gva-heading-block gva-element\">   <div class=\"align-left style-1 widget gsc-heading box-align-left auto-responsive\">\r\n      <div class=\"content-inner\">\r\n         \r\n                  \r\n           \r\n         \r\n                     <h2 class=\"title\">\r\n               <span>D\u00e9marer votre carri\u00e8re avec U.T.C.D.S  SARL d\u00e8s aujourd'hui<\/span>\r\n            <\/h2>\r\n                  \r\n         \r\n      <\/div>\r\n   <\/div>\r\n<\/div>\t\t\t\t<\/div>\n\t\t\t\t<\/div>\n\t\t\t\t\t<\/div>\n\t\t<\/div>\n\t\t\t\t<div class=\"elementor-column elementor-col-50 elementor-top-column elementor-element elementor-element-5e0804b column-style-top\" data-id=\"5e0804b\" data-element_type=\"column\">\n\t\t\t<div class=\"elementor-widget-wrap elementor-element-populated\">\n\t\t\t\t\t\t<div class=\"elementor-element elementor-element-69ebe10 elementor-widget elementor-widget-shortcode\" data-id=\"69ebe10\" data-element_type=\"widget\" data-widget_type=\"shortcode.default\">\n\t\t\t\t<div class=\"elementor-widget-container\">\n\t\t\t\t\t\t\t<div class=\"elementor-shortcode\"><script>(function() {\n\twindow.mc4wp = window.mc4wp || {\n\t\tlisteners: [],\n\t\tforms: {\n\t\t\ton: function(evt, cb) {\n\t\t\t\twindow.mc4wp.listeners.push(\n\t\t\t\t\t{\n\t\t\t\t\t\tevent   : evt,\n\t\t\t\t\t\tcallback: cb\n\t\t\t\t\t}\n\t\t\t\t);\n\t\t\t}\n\t\t}\n\t}\n})();\n<\/script><!-- Mailchimp for WordPress v4.10.2 - https:\/\/wordpress.org\/plugins\/mailchimp-for-wp\/ --><form id=\"mc4wp-form-1\" class=\"mc4wp-form mc4wp-form-199\" method=\"post\" data-id=\"199\" data-name=\"Newsletter\" ><div class=\"mc4wp-form-fields\"><div class=\"newsletter-form\">\r\n <div class=\"content-form\">\r\n    <input type=\"email\" name=\"EMAIL\" placeholder=\"Entrer votre Email\" required \/>\r\n    <span class=\"form-action\">\r\n       <i class=\"fas fa-paper-plane\"><\/i>\r\n       <input class=\"newsletter-submit\" type=\"submit\" value=\"Envoyer\" \/>\r\n    <\/span>\r\n <\/div>\r\n<\/div><\/div><label style=\"display: none !important;\">Laissez ce champ vide si vous \u00eates humain\u00a0: <input type=\"text\" name=\"_mc4wp_honeypot\" value=\"\" tabindex=\"-1\" autocomplete=\"off\" \/><\/label><input type=\"hidden\" name=\"_mc4wp_timestamp\" value=\"1776237241\" \/><input type=\"hidden\" name=\"_mc4wp_form_id\" value=\"199\" \/><input type=\"hidden\" name=\"_mc4wp_form_element_id\" value=\"mc4wp-form-1\" \/><div class=\"mc4wp-response\"><\/div><\/form><!-- \/ Mailchimp for WordPress Plugin --><\/div>\n\t\t\t\t\t\t<\/div>\n\t\t\t\t<\/div>\n\t\t\t\t<div class=\"elementor-element elementor-element-737f248 elementor-position-left icon-box-left elementor-view-default elementor-mobile-position-top elementor-widget elementor-widget-icon-box\" data-id=\"737f248\" data-element_type=\"widget\" data-widget_type=\"icon-box.default\">\n\t\t\t\t<div class=\"elementor-widget-container\">\n\t\t\t\t\t\t\t<div class=\"elementor-icon-box-wrapper\">\n\n\t\t\t\t\t\t<div class=\"elementor-icon-box-icon\">\n\t\t\t\t<span  class=\"elementor-icon\">\n\t\t\t\t<i aria-hidden=\"true\" class=\" flaticon-mail-send\"><\/i>\t\t\t\t<\/span>\n\t\t\t<\/div>\n\t\t\t\n\t\t\t\t\t\t<div class=\"elementor-icon-box-content\">\n\n\t\t\t\t\t\t\t\t\t<h3 class=\"elementor-icon-box-title\">\n\t\t\t\t\t\t<span  >\n\t\t\t\t\t\t\tSign up now for weekly news and updates\t\t\t\t\t\t<\/span>\n\t\t\t\t\t<\/h3>\n\t\t\t\t\n\t\t\t\t\n\t\t\t<\/div>\n\t\t\t\n\t\t<\/div>\n\t\t\t\t\t\t<\/div>\n\t\t\t\t<\/div>\n\t\t\t\t\t<\/div>\n\t\t<\/div>\n\t\t\t\t\t<\/div>\n\t\t<\/section>\n\t\t\t\t<\/div>\n\t\t","protected":false},"excerpt":{"rendered":"<p>Notre Mission SameLeading Training Fournir les outils et le soutien pour r\u00e9aliser votre plein potentiel. Notre mission est de vous fournir les outils, les ressources et le soutien n\u00e9cessaires pour [&hellip;]<\/p>\n","protected":false},"author":1,"featured_media":0,"parent":0,"menu_order":0,"comment_status":"closed","ping_status":"closed","template":"","meta":{"footnotes":""},"class_list":["post-5181","page","type-page","status-publish","hentry"],"_links":{"self":[{"href":"https:\/\/sameleading.com\/formation\/wp-json\/wp\/v2\/pages\/5181","targetHints":{"allow":["GET"]}}],"collection":[{"href":"https:\/\/sameleading.com\/formation\/wp-json\/wp\/v2\/pages"}],"about":[{"href":"https:\/\/sameleading.com\/formation\/wp-json\/wp\/v2\/types\/page"}],"author":[{"embeddable":true,"href":"https:\/\/sameleading.com\/formation\/wp-json\/wp\/v2\/users\/1"}],"replies":[{"embeddable":true,"href":"https:\/\/sameleading.com\/formation\/wp-json\/wp\/v2\/comments?post=5181"}],"version-history":[{"count":25,"href":"https:\/\/sameleading.com\/formation\/wp-json\/wp\/v2\/pages\/5181\/revisions"}],"predecessor-version":[{"id":5339,"href":"https:\/\/sameleading.com\/formation\/wp-json\/wp\/v2\/pages\/5181\/revisions\/5339"}],"wp:attachment":[{"href":"https:\/\/sameleading.com\/formation\/wp-json\/wp\/v2\/media?parent=5181"}],"curies":[{"name":"wp","href":"https:\/\/api.w.org\/{rel}","templated":true}]}}