{"id":1151,"date":"2021-07-05T04:20:54","date_gmt":"2021-07-05T02:20:54","guid":{"rendered":"https:\/\/gaviaspreview.com\/wp\/zilom\/?post_type=product&#038;p=1151"},"modified":"2024-03-19T14:40:07","modified_gmt":"2024-03-19T13:40:07","slug":"formation-en-sage-100cloud-comptabilite","status":"publish","type":"product","link":"https:\/\/sameleading.com\/formation\/produit\/formation-en-sage-100cloud-comptabilite\/","title":{"rendered":"FORMATION EN SAGE 100CLOUD COMPTABILITE"},"content":{"rendered":"","protected":false},"excerpt":{"rendered":"<p>Formation sage 100 comptabilit\u00e9 est une formation sur le logiciel de gestion sage d\u00e9di\u00e9 au comptable<\/p>\n","protected":false},"featured_media":0,"comment_status":"open","ping_status":"closed","template":"","meta":[],"product_brand":[],"product_cat":[],"product_tag":[],"class_list":{"0":"post-1151","1":"product","2":"type-product","3":"status-publish","6":"first","7":"instock","8":"shipping-taxable","9":"product-type-simple"},"_links":{"self":[{"href":"https:\/\/sameleading.com\/formation\/wp-json\/wp\/v2\/product\/1151","targetHints":{"allow":["GET"]}}],"collection":[{"href":"https:\/\/sameleading.com\/formation\/wp-json\/wp\/v2\/product"}],"about":[{"href":"https:\/\/sameleading.com\/formation\/wp-json\/wp\/v2\/types\/product"}],"replies":[{"embeddable":true,"href":"https:\/\/sameleading.com\/formation\/wp-json\/wp\/v2\/comments?post=1151"}],"wp:attachment":[{"href":"https:\/\/sameleading.com\/formation\/wp-json\/wp\/v2\/media?parent=1151"}],"wp:term":[{"taxonomy":"product_brand","embeddable":true,"href":"https:\/\/sameleading.com\/formation\/wp-json\/wp\/v2\/product_brand?post=1151"},{"taxonomy":"product_cat","embeddable":true,"href":"https:\/\/sameleading.com\/formation\/wp-json\/wp\/v2\/product_cat?post=1151"},{"taxonomy":"product_tag","embeddable":true,"href":"https:\/\/sameleading.com\/formation\/wp-json\/wp\/v2\/product_tag?post=1151"}],"curies":[{"name":"wp","href":"https:\/\/api.w.org\/{rel}","templated":true}]}}