{"id":2884,"date":"2022-09-08T11:38:24","date_gmt":"2022-09-08T09:38:24","guid":{"rendered":"https:\/\/sameleading.com\/formation\/?post_type=product&#038;p=2884"},"modified":"2024-03-19T14:53:25","modified_gmt":"2024-03-19T13:53:25","slug":"mag-training-ultimate-silver-2","status":"publish","type":"product","link":"https:\/\/sameleading.com\/formation\/produit\/mag-training-ultimate-silver-2\/","title":{"rendered":"MAG TRAINING ULTIMATE Silver"},"content":{"rendered":"","protected":false},"excerpt":{"rendered":"<p><strong><em>Gratuit \u00e0 100%<br \/>\n<\/em><\/strong><\/p>\n<p><span class=\"fe5nidar khvhiq1o r5qsrrlp i5tg98hk f9ovudaz przvwfww gx1rr48f gfz4du6o r7fjleex nz2484kf svot0ezm dcnh1tix sxl192xd t3g6t33p\"><span class=\"mpj7bzys xzlurrtv\">\u23f3 <\/span><\/span><strong>Plateforme accessible 24h\/24, 7j\/7<\/strong><\/p>\n<p><strong><span class=\"fe5nidar khvhiq1o r5qsrrlp i5tg98hk f9ovudaz przvwfww gx1rr48f gfz4du6o r7fjleex nz2484kf svot0ezm dcnh1tix sxl192xd t3g6t33p\"><span class=\"mpj7bzys xzlurrtv\">\ud83c\udf1f <\/span><\/span>Acc\u00e8s illimit\u00e9 \u00e0 plus de 40 heures de vid\u00e9o\u00a0<\/strong><\/p>\n<p><strong><span class=\"fe5nidar khvhiq1o r5qsrrlp i5tg98hk f9ovudaz przvwfww gx1rr48f gfz4du6o r7fjleex nz2484kf svot0ezm dcnh1tix sxl192xd t3g6t33p\"><span class=\"mpj7bzys xzlurrtv\">\ud83d\udcd2 <\/span><\/span>Formation adapt\u00e9e \u00e0 votre besoin avec un plan d&rsquo;action \u00e9tape par \u00e9tape<\/strong><\/p>\n<p><strong><span class=\"fe5nidar khvhiq1o r5qsrrlp i5tg98hk f9ovudaz przvwfww gx1rr48f gfz4du6o r7fjleex nz2484kf svot0ezm dcnh1tix sxl192xd t3g6t33p\"><span class=\"mpj7bzys xzlurrtv\">\ud83d\udc68\u200d\ud83d\udcbb <\/span><\/span>Logiciels et ressources n\u00e9cessaires pour la formation offert <\/strong><\/p>\n<p><strong>\ud83d\udcbc Plan d&rsquo;action \u00e9tape par \u00e9tape et accompagnement complet<\/strong><\/p>\n<p><strong>\u2709\ufe0f Support de l&rsquo;\u00e9quipe 24\/7, pour des r\u00e9ponse <em>rapides \u00e0 toutes vos questions<\/em><br \/>\n<\/strong><\/p>\n<p><em><strong>Garantie satisfait ou rembours\u00e9 de 30 jours<br \/>\n<\/strong><\/em><\/p>\n<hr \/>\n<p><strong>Pour toutes autres informations vous pouvez nous joindre sur whatsapp en cliquant sur ce lien: <\/strong><strong><a href=\"https:\/\/wa.me\/message\/AJVSJK4RILXQA1\">https:\/\/wa.me\/message\/AJVSJK4RILXQA1<\/a><\/strong><\/p>\n","protected":false},"featured_media":0,"comment_status":"open","ping_status":"closed","template":"","meta":[],"product_brand":[],"product_cat":[],"product_tag":[],"class_list":{"0":"post-2884","1":"product","2":"type-product","3":"status-publish","6":"first","7":"instock","8":"shipping-taxable","9":"product-type-simple"},"_links":{"self":[{"href":"https:\/\/sameleading.com\/formation\/wp-json\/wp\/v2\/product\/2884","targetHints":{"allow":["GET"]}}],"collection":[{"href":"https:\/\/sameleading.com\/formation\/wp-json\/wp\/v2\/product"}],"about":[{"href":"https:\/\/sameleading.com\/formation\/wp-json\/wp\/v2\/types\/product"}],"replies":[{"embeddable":true,"href":"https:\/\/sameleading.com\/formation\/wp-json\/wp\/v2\/comments?post=2884"}],"wp:attachment":[{"href":"https:\/\/sameleading.com\/formation\/wp-json\/wp\/v2\/media?parent=2884"}],"wp:term":[{"taxonomy":"product_brand","embeddable":true,"href":"https:\/\/sameleading.com\/formation\/wp-json\/wp\/v2\/product_brand?post=2884"},{"taxonomy":"product_cat","embeddable":true,"href":"https:\/\/sameleading.com\/formation\/wp-json\/wp\/v2\/product_cat?post=2884"},{"taxonomy":"product_tag","embeddable":true,"href":"https:\/\/sameleading.com\/formation\/wp-json\/wp\/v2\/product_tag?post=2884"}],"curies":[{"name":"wp","href":"https:\/\/api.w.org\/{rel}","templated":true}]}}