{"id":3474,"date":"2023-05-03T23:51:16","date_gmt":"2023-05-03T21:51:16","guid":{"rendered":"https:\/\/sameleading.com\/formation\/?post_type=product&#038;p=3474"},"modified":"2025-01-03T10:10:38","modified_gmt":"2025-01-03T09:10:38","slug":"japprends-a-utiliser-sage-100-comptabilite-de-a-a-z","status":"publish","type":"product","link":"https:\/\/sameleading.com\/formation\/produit\/japprends-a-utiliser-sage-100-comptabilite-de-a-a-z\/","title":{"rendered":"J&rsquo;APPRENDS \u00c0 UTILISER SAGE 100 COMPTABILIT\u00c9 DE A \u00c0 Z"},"content":{"rendered":"<p>\ud835\udc0c\ud835\udc1a\ud835\udc22\ud835\udc2d\ud835\udc2b\ud835\udc22\ud835\udc2c\ud835\udc1e\ud835\udc2b \ud835\udc25\ud835\udc1a \ud835\udc1c\ud835\udc28\ud835\udc26\ud835\udc29\ud835\udc2d\ud835\udc1a\ud835\udc1b\ud835\udc22\ud835\udc25\ud835\udc22\ud835\udc2d\ud835\udc1e\u0301 \ud835\udc1d\ud835\udc1e \ud835\udc00 \ud835\udc1a\u0300 \ud835\udc19 \ud835\udc29\ud835\udc1a\ud835\udc2b \ud835\udc25\ud835\udc1a \ud835\udc29\ud835\udc2b\ud835\udc1a\ud835\udc2d\ud835\udc22\ud835\udc2a\ud835\udc2e\ud835\udc1e \ud835\udc1a\ud835\udc2f\ud835\udc1e\ud835\udc1c \ud835\udc12\ud835\udc1a\ud835\udc20\ud835\udc1e \ud835\udfcf\ud835\udfce\ud835\udfce \ud835\udc1c\ud835\udc28\ud835\udc26\ud835\udc29\ud835\udc2d\ud835\udc1a\ud835\udc1b\ud835\udc22\ud835\udc25\ud835\udc22\ud835\udc2d\ud835\udc1e\u0301<\/p>\n<p><img fetchpriority=\"high\" decoding=\"async\" class=\"alignnone wp-image-3731 size-full\" src=\"https:\/\/sameleading.com\/formation\/wp-content\/uploads\/2023\/05\/Livre1-Japprends-a-Utiliser-Sage-COULEUR_part2_1-1.jpg\" alt=\"\" width=\"794\" height=\"1123\" \/> <img decoding=\"async\" class=\"alignnone wp-image-3732 size-full\" src=\"https:\/\/sameleading.com\/formation\/wp-content\/uploads\/2023\/05\/Livre1-Japprends-a-Utiliser-Sage-COULEUR_part2_2-1.jpg\" alt=\"\" width=\"794\" height=\"1123\" \/> <img decoding=\"async\" class=\"alignnone wp-image-3733 size-full\" src=\"https:\/\/sameleading.com\/formation\/wp-content\/uploads\/2023\/05\/Livre1-Japprends-a-Utiliser-Sage-COULEUR_part2_3-1.jpg\" alt=\"\" width=\"794\" height=\"1123\" \/> <img loading=\"lazy\" decoding=\"async\" class=\"alignnone wp-image-3734 size-full\" src=\"https:\/\/sameleading.com\/formation\/wp-content\/uploads\/2023\/05\/Livre1-Japprends-a-Utiliser-Sage-COULEUR_part2_4-1.jpg\" alt=\"\" width=\"794\" height=\"1123\" \/> <img loading=\"lazy\" decoding=\"async\" class=\"alignnone wp-image-3735 size-full\" src=\"https:\/\/sameleading.com\/formation\/wp-content\/uploads\/2023\/05\/Livre1-Japprends-a-Utiliser-Sage-COULEUR_part2_5-1.jpg\" alt=\"\" width=\"794\" height=\"1123\" \/> <img loading=\"lazy\" decoding=\"async\" class=\"alignnone wp-image-3736 size-full\" src=\"https:\/\/sameleading.com\/formation\/wp-content\/uploads\/2023\/05\/Livre1-Japprends-a-Utiliser-Sage-COULEUR_part2_6-1.jpg\" alt=\"\" width=\"794\" height=\"1123\" \/> <img loading=\"lazy\" decoding=\"async\" class=\"alignnone wp-image-3737 size-full\" src=\"https:\/\/sameleading.com\/formation\/wp-content\/uploads\/2023\/05\/Livre1-Japprends-a-Utiliser-Sage-COULEUR_part2_7-1.jpg\" alt=\"\" width=\"794\" height=\"1123\" \/> <img loading=\"lazy\" decoding=\"async\" class=\"alignnone wp-image-3738 size-full\" src=\"https:\/\/sameleading.com\/formation\/wp-content\/uploads\/2023\/05\/Livre1-Japprends-a-Utiliser-Sage-COULEUR_part2_8-1.jpg\" alt=\"\" width=\"794\" height=\"1123\" \/> <img loading=\"lazy\" decoding=\"async\" class=\"alignnone wp-image-3739 size-full\" src=\"https:\/\/sameleading.com\/formation\/wp-content\/uploads\/2023\/05\/Livre1-Japprends-a-Utiliser-Sage-COULEUR_part2_9-1.jpg\" alt=\"\" width=\"794\" height=\"1123\" \/> <img loading=\"lazy\" decoding=\"async\" class=\"alignnone wp-image-3740 size-full\" src=\"https:\/\/sameleading.com\/formation\/wp-content\/uploads\/2023\/05\/Livre1-Japprends-a-Utiliser-Sage-COULEUR_part2_10-1.jpg\" alt=\"\" width=\"794\" height=\"1123\" \/> <img loading=\"lazy\" decoding=\"async\" class=\"alignnone wp-image-3730 size-full\" src=\"https:\/\/sameleading.com\/formation\/wp-content\/uploads\/2023\/05\/Livre1-Japprends-a-Utiliser-Sage-COULEUR_part2_11-1.jpg\" alt=\"\" width=\"794\" height=\"1123\" \/><\/p>\n<p>&nbsp;<\/p>\n","protected":false},"excerpt":{"rendered":"<p>\ud835\udc0c\ud835\udc1a\ud835\udc22\ud835\udc2d\ud835\udc2b\ud835\udc22\ud835\udc2c\ud835\udc1e\ud835\udc2b \ud835\udc25\ud835\udc1a \ud835\udc1c\ud835\udc28\ud835\udc26\ud835\udc29\ud835\udc2d\ud835\udc1a\ud835\udc1b\ud835\udc22\ud835\udc25\ud835\udc22\ud835\udc2d\ud835\udc1e\u0301 \ud835\udc1d\ud835\udc1e \ud835\udc00 \ud835\udc1a\u0300 \ud835\udc19 \ud835\udc29\ud835\udc1a\ud835\udc2b \ud835\udc25\ud835\udc1a \ud835\udc29\ud835\udc2b\ud835\udc1a\ud835\udc2d\ud835\udc22\ud835\udc2a\ud835\udc2e\ud835\udc1e \ud835\udc1a\ud835\udc2f\ud835\udc1e\ud835\udc1c \ud835\udc12\ud835\udc1a\ud835\udc20\ud835\udc1e \ud835\udfcf\ud835\udfce\ud835\udfce \ud835\udc1c\ud835\udc28\ud835\udc26\ud835\udc29\ud835\udc2d\ud835\udc1a\ud835\udc1b\ud835\udc22\ud835\udc25\ud835\udc22\ud835\udc2d\ud835\udc1e\u0301<\/p>\n<p>Enfin un ouvrage de r\u00e9f\u00e9rence, r\u00e9dig\u00e9 par l\u2019expert en logiciel de gestion TCHOFFO Raoul, pour booster votre efficacit\u00e9 dans la prise en main du logiciel sage 100 et vous affirmer en tant que comptable certifi\u00e9.<br \/>\nCet ouvrage innovant et surtout pratique, r\u00e9unit toutes les cl\u00e9s pour g\u00e9rer de fa\u00e7on efficace dans une entreprise :<br \/>\n\u2022 La comptabilit\u00e9 g\u00e9n\u00e9rale<br \/>\n\u2022 La gestion des tiers<br \/>\n\u2022 La comptabilit\u00e9 analytique<br \/>\n\u2022 La comptabilit\u00e9 budg\u00e9taire<br \/>\n\u2022 La gestion des devises<br \/>\n\u2022 La r\u00e9vision et le contr\u00f4le comptable<br \/>\n\u2022 Les proc\u00e9dures de fin d\u2019exercices<\/p>\n","protected":false},"featured_media":0,"comment_status":"closed","ping_status":"closed","template":"","meta":[],"product_brand":[],"product_cat":[],"product_tag":[],"class_list":{"0":"post-3474","1":"product","2":"type-product","3":"status-publish","6":"first","7":"instock","8":"shipping-taxable","9":"product-type-simple"},"_links":{"self":[{"href":"https:\/\/sameleading.com\/formation\/wp-json\/wp\/v2\/product\/3474","targetHints":{"allow":["GET"]}}],"collection":[{"href":"https:\/\/sameleading.com\/formation\/wp-json\/wp\/v2\/product"}],"about":[{"href":"https:\/\/sameleading.com\/formation\/wp-json\/wp\/v2\/types\/product"}],"replies":[{"embeddable":true,"href":"https:\/\/sameleading.com\/formation\/wp-json\/wp\/v2\/comments?post=3474"}],"wp:attachment":[{"href":"https:\/\/sameleading.com\/formation\/wp-json\/wp\/v2\/media?parent=3474"}],"wp:term":[{"taxonomy":"product_brand","embeddable":true,"href":"https:\/\/sameleading.com\/formation\/wp-json\/wp\/v2\/product_brand?post=3474"},{"taxonomy":"product_cat","embeddable":true,"href":"https:\/\/sameleading.com\/formation\/wp-json\/wp\/v2\/product_cat?post=3474"},{"taxonomy":"product_tag","embeddable":true,"href":"https:\/\/sameleading.com\/formation\/wp-json\/wp\/v2\/product_tag?post=3474"}],"curies":[{"name":"wp","href":"https:\/\/api.w.org\/{rel}","templated":true}]}}