{"id":4596,"date":"2024-10-24T14:22:33","date_gmt":"2024-10-24T12:22:33","guid":{"rendered":"https:\/\/sameleading.com\/formation\/?post_type=product&#038;p=4596"},"modified":"2024-11-22T13:24:30","modified_gmt":"2024-11-22T12:24:30","slug":"japprends-a-utiliser-sage-100-saisie-de-caisse-decentralisee-de-a-a-z","status":"publish","type":"product","link":"https:\/\/sameleading.com\/formation\/produit\/japprends-a-utiliser-sage-100-saisie-de-caisse-decentralisee-de-a-a-z\/","title":{"rendered":"J&rsquo;APPRENDS \u00c0 UTILISER SAGE 100 SAISIE DE CAISSE DECENTRALISEE DE A \u00c0 Z"},"content":{"rendered":"<p><strong>Maitriser la gestion de vos points de ventes \u00e0 travers l&rsquo;optimisation de la gestion des caisses et la productivit\u00e9 des vendeurs <\/strong><\/p>\n<p><img fetchpriority=\"high\" decoding=\"async\" class=\"aligncenter wp-image-4598 size-full\" src=\"https:\/\/sameleading.com\/formation\/wp-content\/uploads\/2024\/10\/Table-de-matiere-CAISSE_1.jpg\" alt=\"\" width=\"665\" height=\"945\" \/> <img decoding=\"async\" class=\"aligncenter wp-image-4599 size-full\" src=\"https:\/\/sameleading.com\/formation\/wp-content\/uploads\/2024\/10\/Table-de-matiere-CAISSE_2.jpg\" alt=\"\" width=\"665\" height=\"945\" \/> <img decoding=\"async\" class=\"aligncenter wp-image-4600 size-full\" src=\"https:\/\/sameleading.com\/formation\/wp-content\/uploads\/2024\/10\/Table-de-matiere-CAISSE_3.jpg\" alt=\"\" width=\"665\" height=\"945\" \/> <img loading=\"lazy\" decoding=\"async\" class=\"aligncenter wp-image-4601 size-full\" src=\"https:\/\/sameleading.com\/formation\/wp-content\/uploads\/2024\/10\/Table-de-matiere-CAISSE_4.jpg\" alt=\"\" width=\"665\" height=\"945\" \/><\/p>\n<p>&nbsp;<\/p>\n<p>&nbsp;<\/p>\n","protected":false},"excerpt":{"rendered":"<p><strong>Maitriser la gestion de vos points de ventes \u00e0 travers l&rsquo;optimisation de la gestion des caisses et la productivit\u00e9 des vendeurs<\/strong><\/p>\n<p>Optimiser la gestion de vos points de ventes et le contr\u00f4le minutieux de vos caisses gr\u00e2ce \u00e0 cet ouvrage pratique et innovent, qui r\u00e9unit toutes les cl\u00e9s pour g\u00e9rer de fa\u00e7on efficace dans une entreprise:<\/p>\n<p>Cet ouvrage innovant et surtout pratique, r\u00e9unit toutes les cl\u00e9s pour g\u00e9rer de fa\u00e7on efficace dans une entreprise :<br \/>\n\u2022 La gestion des tickets de caisse<br \/>\n\u2022 La gestion des r\u00e8glements<br \/>\n\u2022 La gestion des caisses<br \/>\n\u2022 La gestion des remises en banque<br \/>\n\u2022 Le contr\u00f4le des caisses<br \/>\n\u2022 Le transfert des donn\u00e9es en comptabilit\u00e9<br \/>\n\u2022 Les tableaux de bord afin d&rsquo;analyser les indicateurs de performances commerciales<\/p>\n","protected":false},"featured_media":0,"comment_status":"closed","ping_status":"closed","template":"","meta":[],"product_brand":[],"product_cat":[],"product_tag":[],"class_list":{"0":"post-4596","1":"product","2":"type-product","3":"status-publish","6":"first","7":"instock","8":"shipping-taxable","9":"product-type-simple"},"_links":{"self":[{"href":"https:\/\/sameleading.com\/formation\/wp-json\/wp\/v2\/product\/4596","targetHints":{"allow":["GET"]}}],"collection":[{"href":"https:\/\/sameleading.com\/formation\/wp-json\/wp\/v2\/product"}],"about":[{"href":"https:\/\/sameleading.com\/formation\/wp-json\/wp\/v2\/types\/product"}],"replies":[{"embeddable":true,"href":"https:\/\/sameleading.com\/formation\/wp-json\/wp\/v2\/comments?post=4596"}],"wp:attachment":[{"href":"https:\/\/sameleading.com\/formation\/wp-json\/wp\/v2\/media?parent=4596"}],"wp:term":[{"taxonomy":"product_brand","embeddable":true,"href":"https:\/\/sameleading.com\/formation\/wp-json\/wp\/v2\/product_brand?post=4596"},{"taxonomy":"product_cat","embeddable":true,"href":"https:\/\/sameleading.com\/formation\/wp-json\/wp\/v2\/product_cat?post=4596"},{"taxonomy":"product_tag","embeddable":true,"href":"https:\/\/sameleading.com\/formation\/wp-json\/wp\/v2\/product_tag?post=4596"}],"curies":[{"name":"wp","href":"https:\/\/api.w.org\/{rel}","templated":true}]}}