{"id":4604,"date":"2024-10-24T16:29:42","date_gmt":"2024-10-24T14:29:42","guid":{"rendered":"https:\/\/sameleading.com\/formation\/?post_type=product&#038;p=4604"},"modified":"2024-10-28T09:12:09","modified_gmt":"2024-10-28T08:12:09","slug":"japprends-a-utiliser-sage-100-immobilisation-de-a-a-z","status":"publish","type":"product","link":"https:\/\/sameleading.com\/formation\/produit\/japprends-a-utiliser-sage-100-immobilisation-de-a-a-z\/","title":{"rendered":"J&rsquo;APPRENDS \u00c0 UTILISER SAGE 100 IMMOBILISATION DE A \u00c0 Z"},"content":{"rendered":"<p><strong>Optimiser la gestion des immobilisations et b\u00e9n\u00e9ficier d&rsquo;un gain de productivit\u00e9 inestimable<\/strong><\/p>\n<p><img fetchpriority=\"high\" decoding=\"async\" class=\"aligncenter wp-image-4610 size-full\" src=\"https:\/\/sameleading.com\/formation\/wp-content\/uploads\/2024\/10\/Table-de-matiere-immobilisation_1.jpg\" alt=\"\" width=\"665\" height=\"945\" \/> <img decoding=\"async\" class=\"wp-image-4606 size-full aligncenter\" src=\"https:\/\/sameleading.com\/formation\/wp-content\/uploads\/2024\/10\/Table-de-matiere-immobilisation_2.jpg\" alt=\"\" width=\"665\" height=\"945\" \/> <img decoding=\"async\" class=\"aligncenter wp-image-4607 size-full\" src=\"https:\/\/sameleading.com\/formation\/wp-content\/uploads\/2024\/10\/Table-de-matiere-immobilisation_3.jpg\" alt=\"\" width=\"665\" height=\"945\" \/> <img loading=\"lazy\" decoding=\"async\" class=\"aligncenter wp-image-4608 size-full\" src=\"https:\/\/sameleading.com\/formation\/wp-content\/uploads\/2024\/10\/Table-de-matiere-immobilisation_4.jpg\" alt=\"\" width=\"665\" height=\"945\" \/><\/p>\n<p><img loading=\"lazy\" decoding=\"async\" class=\"aligncenter wp-image-4609 size-full\" src=\"https:\/\/sameleading.com\/formation\/wp-content\/uploads\/2024\/10\/Table-de-matiere-immobilisation_5.jpg\" alt=\"\" width=\"665\" height=\"945\" \/><\/p>\n","protected":false},"excerpt":{"rendered":"<p><strong>Optimiser la gestion des immobilisations et b\u00e9n\u00e9ficier d&rsquo;un gain de productivit\u00e9 inestimable<\/strong><\/p>\n<p>Cet ouvrage innovant et surtout pratique, r\u00e9unit toutes les cl\u00e9s pour optimiser la gestion des immobilisations dans une entreprise et de b\u00e9n\u00e9ficier d&rsquo;un gain de productivit\u00e9 inestimable:<\/p>\n","protected":false},"featured_media":0,"comment_status":"closed","ping_status":"closed","template":"","meta":[],"product_brand":[],"product_cat":[],"product_tag":[],"class_list":{"0":"post-4604","1":"product","2":"type-product","3":"status-publish","6":"first","7":"instock","8":"shipping-taxable","9":"product-type-simple"},"_links":{"self":[{"href":"https:\/\/sameleading.com\/formation\/wp-json\/wp\/v2\/product\/4604","targetHints":{"allow":["GET"]}}],"collection":[{"href":"https:\/\/sameleading.com\/formation\/wp-json\/wp\/v2\/product"}],"about":[{"href":"https:\/\/sameleading.com\/formation\/wp-json\/wp\/v2\/types\/product"}],"replies":[{"embeddable":true,"href":"https:\/\/sameleading.com\/formation\/wp-json\/wp\/v2\/comments?post=4604"}],"wp:attachment":[{"href":"https:\/\/sameleading.com\/formation\/wp-json\/wp\/v2\/media?parent=4604"}],"wp:term":[{"taxonomy":"product_brand","embeddable":true,"href":"https:\/\/sameleading.com\/formation\/wp-json\/wp\/v2\/product_brand?post=4604"},{"taxonomy":"product_cat","embeddable":true,"href":"https:\/\/sameleading.com\/formation\/wp-json\/wp\/v2\/product_cat?post=4604"},{"taxonomy":"product_tag","embeddable":true,"href":"https:\/\/sameleading.com\/formation\/wp-json\/wp\/v2\/product_tag?post=4604"}],"curies":[{"name":"wp","href":"https:\/\/api.w.org\/{rel}","templated":true}]}}